{"id":241,"date":"2020-04-01T23:04:40","date_gmt":"2020-04-01T23:04:40","guid":{"rendered":"https:\/\/adhesivosyselladoresproin.com.mx\/?page_id=241"},"modified":"2021-04-15T21:49:05","modified_gmt":"2021-04-15T21:49:05","slug":"desengrasantes-industriales-y-lubricantes","status":"publish","type":"page","link":"https:\/\/adhesivosyselladoresproin.com.mx\/index.php\/desengrasantes-industriales-y-lubricantes\/","title":{"rendered":"Desengrasantes Industriales y Lubricantes"},"content":{"rendered":"\t\t<div data-elementor-type=\"wp-page\" data-elementor-id=\"241\" class=\"elementor elementor-241\" data-elementor-settings=\"[]\">\n\t\t\t\t\t\t<div class=\"elementor-inner\">\n\t\t\t\t\t\t\t<div class=\"elementor-section-wrap\">\n\t\t\t\t\t\t\t<section class=\"elementor-section elementor-top-section elementor-element elementor-element-282020e3 elementor-section-boxed elementor-section-height-default elementor-section-height-default\" data-id=\"282020e3\" data-element_type=\"section\">\n\t\t\t\t\t\t<div class=\"elementor-container elementor-column-gap-default\">\n\t\t\t\t\t\t\t<div class=\"elementor-row\">\n\t\t\t\t\t<div class=\"elementor-column elementor-col-100 elementor-top-column elementor-element elementor-element-5fac073c\" data-id=\"5fac073c\" data-element_type=\"column\">\n\t\t\t<div class=\"elementor-column-wrap elementor-element-populated\">\n\t\t\t\t\t\t\t<div class=\"elementor-widget-wrap\">\n\t\t\t\t\t\t<div class=\"elementor-element elementor-element-7e8aa56a elementor-button-warning elementor-widget elementor-widget-button\" data-id=\"7e8aa56a\" data-element_type=\"widget\" data-widget_type=\"button.default\">\n\t\t\t\t<div class=\"elementor-widget-container\">\n\t\t\t\t\t<div class=\"elementor-button-wrapper\">\n\t\t\t<a href=\"https:\/\/adhesivosyselladoresproin.com.mx\/index.php\/productos\" class=\"elementor-button-link elementor-button elementor-size-md\" role=\"button\">\n\t\t\t\t\t\t<span class=\"elementor-button-content-wrapper\">\n\t\t\t\t\t\t<span class=\"elementor-button-text\">REGRESAR<\/span>\n\t\t<\/span>\n\t\t\t\t\t<\/a>\n\t\t<\/div>\n\t\t\t\t<\/div>\n\t\t\t\t<\/div>\n\t\t\t\t<div class=\"elementor-element elementor-element-61ec1df5 elementor-widget elementor-widget-spacer\" data-id=\"61ec1df5\" data-element_type=\"widget\" data-widget_type=\"spacer.default\">\n\t\t\t\t<div class=\"elementor-widget-container\">\n\t\t\t\t\t<div class=\"elementor-spacer\">\n\t\t\t<div class=\"elementor-spacer-inner\"><\/div>\n\t\t<\/div>\n\t\t\t\t<\/div>\n\t\t\t\t<\/div>\n\t\t\t\t\t\t<\/div>\n\t\t\t\t\t<\/div>\n\t\t<\/div>\n\t\t\t\t\t\t\t\t<\/div>\n\t\t\t\t\t<\/div>\n\t\t<\/section>\n\t\t\t\t<section class=\"elementor-section elementor-top-section elementor-element elementor-element-6f9d0f1e elementor-section-boxed elementor-section-height-default elementor-section-height-default\" data-id=\"6f9d0f1e\" data-element_type=\"section\">\n\t\t\t\t\t\t<div class=\"elementor-container elementor-column-gap-default\">\n\t\t\t\t\t\t\t<div class=\"elementor-row\">\n\t\t\t\t\t<div class=\"elementor-column elementor-col-100 elementor-top-column elementor-element elementor-element-3f93ee24\" data-id=\"3f93ee24\" data-element_type=\"column\">\n\t\t\t<div class=\"elementor-column-wrap elementor-element-populated\">\n\t\t\t\t\t\t\t<div class=\"elementor-widget-wrap\">\n\t\t\t\t\t\t<div class=\"elementor-element elementor-element-6d8c7ba1 elementor-widget elementor-widget-heading\" data-id=\"6d8c7ba1\" data-element_type=\"widget\" data-widget_type=\"heading.default\">\n\t\t\t\t<div class=\"elementor-widget-container\">\n\t\t\t<h2 class=\"elementor-heading-title elementor-size-default\">PRECISION CLEAN\n<\/h2>\t\t<\/div>\n\t\t\t\t<\/div>\n\t\t\t\t<div class=\"elementor-element elementor-element-5e8d9231 elementor-widget elementor-widget-spacer\" data-id=\"5e8d9231\" data-element_type=\"widget\" data-widget_type=\"spacer.default\">\n\t\t\t\t<div class=\"elementor-widget-container\">\n\t\t\t\t\t<div class=\"elementor-spacer\">\n\t\t\t<div class=\"elementor-spacer-inner\"><\/div>\n\t\t<\/div>\n\t\t\t\t<\/div>\n\t\t\t\t<\/div>\n\t\t\t\t<div class=\"elementor-element elementor-element-653fbf3c elementor-widget elementor-widget-image\" data-id=\"653fbf3c\" data-element_type=\"widget\" data-widget_type=\"image.default\">\n\t\t\t\t<div class=\"elementor-widget-container\">\n\t\t\t\t\t<div class=\"elementor-image\">\n\t\t\t\t\t\t\t\t\t\t<img width=\"460\" height=\"440\" src=\"https:\/\/adhesivosyselladoresproin.com.mx\/wp-content\/uploads\/2020\/04\/precision-clean.jpg\" class=\"attachment-medium_large size-medium_large\" alt=\"desengrasantes industriales y lubricantes\" loading=\"lazy\" srcset=\"https:\/\/adhesivosyselladoresproin.com.mx\/wp-content\/uploads\/2020\/04\/precision-clean.jpg 460w, https:\/\/adhesivosyselladoresproin.com.mx\/wp-content\/uploads\/2020\/04\/precision-clean-300x287.jpg 300w\" sizes=\"(max-width: 460px) 100vw, 460px\" \/>\t\t\t\t\t\t\t\t\t\t\t<\/div>\n\t\t\t\t<\/div>\n\t\t\t\t<\/div>\n\t\t\t\t<div class=\"elementor-element elementor-element-25f0837f elementor-widget elementor-widget-text-editor\" data-id=\"25f0837f\" data-element_type=\"widget\" data-widget_type=\"text-editor.default\">\n\t\t\t\t<div class=\"elementor-widget-container\">\n\t\t\t\t\t<div class=\"elementor-text-editor elementor-clearfix\"><p>DESENGRASANTE\/LIMPIADOR MULTI-PROPOSITO<\/p><\/div>\n\t\t\t\t<\/div>\n\t\t\t\t<\/div>\n\t\t\t\t<div class=\"elementor-element elementor-element-198fce72 elementor-widget elementor-widget-text-editor\" data-id=\"198fce72\" data-element_type=\"widget\" data-widget_type=\"text-editor.default\">\n\t\t\t\t<div class=\"elementor-widget-container\">\n\t\t\t\t\t<div class=\"elementor-text-editor elementor-clearfix\"><ul>\n<li>S\u00faper fuerza industrial para eliminar las manchas m\u00e1s dif\u00edciles<\/li>\n<li>Base agua biodegradable<\/li>\n<li>Formula alcalina inhibe la formaci\u00f3n de oxidaci\u00f3n instant\u00e1nea<\/li>\n<li>No contiene butilo, solventes dorados o derivados de petr\u00f3leo, cloro, armonio o abrasivos<\/li>\n<\/ul><\/div>\n\t\t\t\t<\/div>\n\t\t\t\t<\/div>\n\t\t\t\t<div class=\"elementor-element elementor-element-339445d2 elementor-widget-divider--view-line elementor-widget elementor-widget-divider\" data-id=\"339445d2\" data-element_type=\"widget\" data-widget_type=\"divider.default\">\n\t\t\t\t<div class=\"elementor-widget-container\">\n\t\t\t\t\t<div class=\"elementor-divider\">\n\t\t\t<span class=\"elementor-divider-separator\">\n\t\t\t\t\t\t<\/span>\n\t\t<\/div>\n\t\t\t\t<\/div>\n\t\t\t\t<\/div>\n\t\t\t\t\t\t<\/div>\n\t\t\t\t\t<\/div>\n\t\t<\/div>\n\t\t\t\t\t\t\t\t<\/div>\n\t\t\t\t\t<\/div>\n\t\t<\/section>\n\t\t\t\t<section class=\"elementor-section elementor-top-section elementor-element elementor-element-2377f4fa elementor-section-boxed elementor-section-height-default elementor-section-height-default\" data-id=\"2377f4fa\" data-element_type=\"section\">\n\t\t\t\t\t\t<div class=\"elementor-container elementor-column-gap-default\">\n\t\t\t\t\t\t\t<div class=\"elementor-row\">\n\t\t\t\t\t<div class=\"elementor-column elementor-col-100 elementor-top-column elementor-element elementor-element-6f02700b\" data-id=\"6f02700b\" data-element_type=\"column\">\n\t\t\t<div class=\"elementor-column-wrap elementor-element-populated\">\n\t\t\t\t\t\t\t<div class=\"elementor-widget-wrap\">\n\t\t\t\t\t\t<div class=\"elementor-element elementor-element-7ed897e8 elementor-widget elementor-widget-heading\" data-id=\"7ed897e8\" data-element_type=\"widget\" data-widget_type=\"heading.default\">\n\t\t\t\t<div class=\"elementor-widget-container\">\n\t\t\t<h2 class=\"elementor-heading-title elementor-size-default\">CHAINMATE<\/h2>\t\t<\/div>\n\t\t\t\t<\/div>\n\t\t\t\t<div class=\"elementor-element elementor-element-693144eb elementor-widget elementor-widget-spacer\" data-id=\"693144eb\" data-element_type=\"widget\" data-widget_type=\"spacer.default\">\n\t\t\t\t<div class=\"elementor-widget-container\">\n\t\t\t\t\t<div class=\"elementor-spacer\">\n\t\t\t<div class=\"elementor-spacer-inner\"><\/div>\n\t\t<\/div>\n\t\t\t\t<\/div>\n\t\t\t\t<\/div>\n\t\t\t\t<div class=\"elementor-element elementor-element-2480bdeb elementor-widget elementor-widget-image\" data-id=\"2480bdeb\" data-element_type=\"widget\" data-widget_type=\"image.default\">\n\t\t\t\t<div class=\"elementor-widget-container\">\n\t\t\t\t\t<div class=\"elementor-image\">\n\t\t\t\t\t\t\t\t\t\t<img width=\"700\" height=\"550\" src=\"https:\/\/adhesivosyselladoresproin.com.mx\/wp-content\/uploads\/2021\/04\/chainmate.jpg\" class=\"attachment-medium_large size-medium_large\" alt=\"\" loading=\"lazy\" srcset=\"https:\/\/adhesivosyselladoresproin.com.mx\/wp-content\/uploads\/2021\/04\/chainmate.jpg 700w, https:\/\/adhesivosyselladoresproin.com.mx\/wp-content\/uploads\/2021\/04\/chainmate-300x236.jpg 300w\" sizes=\"(max-width: 700px) 100vw, 700px\" \/>\t\t\t\t\t\t\t\t\t\t\t<\/div>\n\t\t\t\t<\/div>\n\t\t\t\t<\/div>\n\t\t\t\t<div class=\"elementor-element elementor-element-4ad0345f elementor-widget elementor-widget-text-editor\" data-id=\"4ad0345f\" data-element_type=\"widget\" data-widget_type=\"text-editor.default\">\n\t\t\t\t<div class=\"elementor-widget-container\">\n\t\t\t\t\t<div class=\"elementor-text-editor elementor-clearfix\"><p><strong>LUBRICANTE PARA CADENAS Y CABLES DE METAL<\/strong><\/p>\n<ul>\n<li>Excelente penetraci\u00f3n para una lubricaci\u00f3n efectiva de cadenas y cables<\/li>\n<li>Incrementa el ciclo de vida de los cables y las cadenas\u00a0<\/li>\n<li>Gran desempe\u00f1o bajo condiciones de carga y alta temperatura<\/li>\n<li>Provee de m\u00e1xima lubricaci\u00f3n y protege contra la corrosi\u00f3n<\/li>\n<li>Reduce el desgaste causado por la fricci\u00f3n y la corrosi\u00f3n<\/li>\n<li>Resistente al lavado por agua<\/li>\n<\/ul><\/div>\n\t\t\t\t<\/div>\n\t\t\t\t<\/div>\n\t\t\t\t<div class=\"elementor-element elementor-element-b43b2d5 elementor-widget-divider--view-line elementor-widget elementor-widget-divider\" data-id=\"b43b2d5\" data-element_type=\"widget\" data-widget_type=\"divider.default\">\n\t\t\t\t<div class=\"elementor-widget-container\">\n\t\t\t\t\t<div class=\"elementor-divider\">\n\t\t\t<span class=\"elementor-divider-separator\">\n\t\t\t\t\t\t<\/span>\n\t\t<\/div>\n\t\t\t\t<\/div>\n\t\t\t\t<\/div>\n\t\t\t\t\t\t<\/div>\n\t\t\t\t\t<\/div>\n\t\t<\/div>\n\t\t\t\t\t\t\t\t<\/div>\n\t\t\t\t\t<\/div>\n\t\t<\/section>\n\t\t\t\t<section class=\"elementor-section elementor-top-section elementor-element elementor-element-56808b3 elementor-section-boxed elementor-section-height-default elementor-section-height-default\" data-id=\"56808b3\" data-element_type=\"section\">\n\t\t\t\t\t\t<div class=\"elementor-container elementor-column-gap-default\">\n\t\t\t\t\t\t\t<div class=\"elementor-row\">\n\t\t\t\t\t<div class=\"elementor-column elementor-col-100 elementor-top-column elementor-element elementor-element-0ab8e6f\" data-id=\"0ab8e6f\" data-element_type=\"column\">\n\t\t\t<div class=\"elementor-column-wrap elementor-element-populated\">\n\t\t\t\t\t\t\t<div class=\"elementor-widget-wrap\">\n\t\t\t\t\t\t<div class=\"elementor-element elementor-element-db85bab elementor-widget elementor-widget-heading\" data-id=\"db85bab\" data-element_type=\"widget\" data-widget_type=\"heading.default\">\n\t\t\t\t<div class=\"elementor-widget-container\">\n\t\t\t<h2 class=\"elementor-heading-title elementor-size-default\">PRESOLVE<\/h2>\t\t<\/div>\n\t\t\t\t<\/div>\n\t\t\t\t<div class=\"elementor-element elementor-element-63c5582 elementor-widget elementor-widget-image\" data-id=\"63c5582\" data-element_type=\"widget\" data-widget_type=\"image.default\">\n\t\t\t\t<div class=\"elementor-widget-container\">\n\t\t\t\t\t<div class=\"elementor-image\">\n\t\t\t\t\t\t\t\t\t\t<img width=\"333\" height=\"500\" src=\"https:\/\/adhesivosyselladoresproin.com.mx\/wp-content\/uploads\/2020\/04\/lps-presolve.jpg\" class=\"attachment-large size-large\" alt=\"desengrasantes industriales y lubricantes\" loading=\"lazy\" srcset=\"https:\/\/adhesivosyselladoresproin.com.mx\/wp-content\/uploads\/2020\/04\/lps-presolve.jpg 333w, https:\/\/adhesivosyselladoresproin.com.mx\/wp-content\/uploads\/2020\/04\/lps-presolve-200x300.jpg 200w\" sizes=\"(max-width: 333px) 100vw, 333px\" \/>\t\t\t\t\t\t\t\t\t\t\t<\/div>\n\t\t\t\t<\/div>\n\t\t\t\t<\/div>\n\t\t\t\t<div class=\"elementor-element elementor-element-aba7ecb elementor-widget elementor-widget-text-editor\" data-id=\"aba7ecb\" data-element_type=\"widget\" data-widget_type=\"text-editor.default\">\n\t\t\t\t<div class=\"elementor-widget-container\">\n\t\t\t\t\t<div class=\"elementor-text-editor elementor-clearfix\"><p><strong>DESENGRASANTE ORG\u00c1NICO <\/strong><\/p>\n<ul>\n<li>\u00a0Desengrasante Base Solvente de alto rendimiento<\/li>\n<li>Solvente de base natural (c\u00edtrico), completamente org\u00e1nico<\/li>\n<li>No necesita enjuague ni deja residuos de evaporaci\u00f3n<\/li>\n<li>Acci\u00f3n r\u00e1pida y profunda, ya que limpia y desengrasa al contacto<\/li>\n<li>Seguro en todos los metales y en la mayor\u00eda de los pl\u00e1sticos<\/li>\n<li>Evaporaci\u00f3n controlada para penetraci\u00f3n de limpieza profunda<\/li>\n<li>No conductor<\/li>\n<li>Ideal para la limpieza de tintas<\/li>\n<li>V\u00e1lvula inverta en presentaci\u00f3n en aerosol<\/li>\n<\/ul><\/div>\n\t\t\t\t<\/div>\n\t\t\t\t<\/div>\n\t\t\t\t\t\t<\/div>\n\t\t\t\t\t<\/div>\n\t\t<\/div>\n\t\t\t\t\t\t\t\t<\/div>\n\t\t\t\t\t<\/div>\n\t\t<\/section>\n\t\t\t\t\t\t<\/div>\n\t\t\t\t\t\t<\/div>\n\t\t\t\t\t<\/div>\n\t\t","protected":false},"excerpt":{"rendered":"<p>REGRESAR PRECISION CLEAN DESENGRASANTE\/LIMPIADOR MULTI-PROPOSITO S\u00faper fuerza industrial para eliminar las manchas m\u00e1s dif\u00edciles Base agua biodegradable Formula alcalina inhibe&hellip;<\/p>\n","protected":false},"author":1,"featured_media":0,"parent":0,"menu_order":0,"comment_status":"closed","ping_status":"closed","template":"","meta":[],"_links":{"self":[{"href":"https:\/\/adhesivosyselladoresproin.com.mx\/index.php\/wp-json\/wp\/v2\/pages\/241"}],"collection":[{"href":"https:\/\/adhesivosyselladoresproin.com.mx\/index.php\/wp-json\/wp\/v2\/pages"}],"about":[{"href":"https:\/\/adhesivosyselladoresproin.com.mx\/index.php\/wp-json\/wp\/v2\/types\/page"}],"author":[{"embeddable":true,"href":"https:\/\/adhesivosyselladoresproin.com.mx\/index.php\/wp-json\/wp\/v2\/users\/1"}],"replies":[{"embeddable":true,"href":"https:\/\/adhesivosyselladoresproin.com.mx\/index.php\/wp-json\/wp\/v2\/comments?post=241"}],"version-history":[{"count":14,"href":"https:\/\/adhesivosyselladoresproin.com.mx\/index.php\/wp-json\/wp\/v2\/pages\/241\/revisions"}],"predecessor-version":[{"id":1097,"href":"https:\/\/adhesivosyselladoresproin.com.mx\/index.php\/wp-json\/wp\/v2\/pages\/241\/revisions\/1097"}],"wp:attachment":[{"href":"https:\/\/adhesivosyselladoresproin.com.mx\/index.php\/wp-json\/wp\/v2\/media?parent=241"}],"curies":[{"name":"wp","href":"https:\/\/api.w.org\/{rel}","templated":true}]}}