{"id":342,"date":"2020-04-02T02:11:28","date_gmt":"2020-04-02T02:11:28","guid":{"rendered":"https:\/\/adhesivosyselladoresproin.com.mx\/?page_id=342"},"modified":"2021-04-15T21:29:30","modified_gmt":"2021-04-15T21:29:30","slug":"lubricantes-e-inhibidores-contra-la-corrosion","status":"publish","type":"page","link":"https:\/\/adhesivosyselladoresproin.com.mx\/index.php\/lubricantes-e-inhibidores-contra-la-corrosion\/","title":{"rendered":"Lubricantes e Inhibidores Contra la Corrosi\u00f3n"},"content":{"rendered":"\t\t<div data-elementor-type=\"wp-page\" data-elementor-id=\"342\" class=\"elementor elementor-342\" data-elementor-settings=\"[]\">\n\t\t\t\t\t\t<div class=\"elementor-inner\">\n\t\t\t\t\t\t\t<div class=\"elementor-section-wrap\">\n\t\t\t\t\t\t\t<section class=\"elementor-section elementor-top-section elementor-element elementor-element-5cf52b58 elementor-section-boxed elementor-section-height-default elementor-section-height-default\" data-id=\"5cf52b58\" data-element_type=\"section\">\n\t\t\t\t\t\t<div class=\"elementor-container elementor-column-gap-default\">\n\t\t\t\t\t\t\t<div class=\"elementor-row\">\n\t\t\t\t\t<div class=\"elementor-column elementor-col-100 elementor-top-column elementor-element elementor-element-44fa89a2\" data-id=\"44fa89a2\" data-element_type=\"column\">\n\t\t\t<div class=\"elementor-column-wrap elementor-element-populated\">\n\t\t\t\t\t\t\t<div class=\"elementor-widget-wrap\">\n\t\t\t\t\t\t<div class=\"elementor-element elementor-element-100729d9 elementor-button-warning elementor-widget elementor-widget-button\" data-id=\"100729d9\" data-element_type=\"widget\" data-widget_type=\"button.default\">\n\t\t\t\t<div class=\"elementor-widget-container\">\n\t\t\t\t\t<div class=\"elementor-button-wrapper\">\n\t\t\t<a href=\"https:\/\/adhesivosyselladoresproin.com.mx\/index.php\/productos\" class=\"elementor-button-link elementor-button elementor-size-md\" role=\"button\">\n\t\t\t\t\t\t<span class=\"elementor-button-content-wrapper\">\n\t\t\t\t\t\t<span class=\"elementor-button-text\">REGRESAR<\/span>\n\t\t<\/span>\n\t\t\t\t\t<\/a>\n\t\t<\/div>\n\t\t\t\t<\/div>\n\t\t\t\t<\/div>\n\t\t\t\t<div class=\"elementor-element elementor-element-1f77d111 elementor-widget elementor-widget-spacer\" data-id=\"1f77d111\" data-element_type=\"widget\" data-widget_type=\"spacer.default\">\n\t\t\t\t<div class=\"elementor-widget-container\">\n\t\t\t\t\t<div class=\"elementor-spacer\">\n\t\t\t<div class=\"elementor-spacer-inner\"><\/div>\n\t\t<\/div>\n\t\t\t\t<\/div>\n\t\t\t\t<\/div>\n\t\t\t\t\t\t<\/div>\n\t\t\t\t\t<\/div>\n\t\t<\/div>\n\t\t\t\t\t\t\t\t<\/div>\n\t\t\t\t\t<\/div>\n\t\t<\/section>\n\t\t\t\t<section class=\"elementor-section elementor-top-section elementor-element elementor-element-71af8aaa elementor-section-boxed elementor-section-height-default elementor-section-height-default\" data-id=\"71af8aaa\" data-element_type=\"section\">\n\t\t\t\t\t\t<div class=\"elementor-container elementor-column-gap-default\">\n\t\t\t\t\t\t\t<div class=\"elementor-row\">\n\t\t\t\t\t<div class=\"elementor-column elementor-col-100 elementor-top-column elementor-element elementor-element-21cf3e69\" data-id=\"21cf3e69\" data-element_type=\"column\">\n\t\t\t<div class=\"elementor-column-wrap elementor-element-populated\">\n\t\t\t\t\t\t\t<div class=\"elementor-widget-wrap\">\n\t\t\t\t\t\t<div class=\"elementor-element elementor-element-45102566 elementor-widget elementor-widget-heading\" data-id=\"45102566\" data-element_type=\"widget\" data-widget_type=\"heading.default\">\n\t\t\t\t<div class=\"elementor-widget-container\">\n\t\t\t<h2 class=\"elementor-heading-title elementor-size-default\">TKX\n<\/h2>\t\t<\/div>\n\t\t\t\t<\/div>\n\t\t\t\t<div class=\"elementor-element elementor-element-1e37e53f elementor-widget elementor-widget-spacer\" data-id=\"1e37e53f\" data-element_type=\"widget\" data-widget_type=\"spacer.default\">\n\t\t\t\t<div class=\"elementor-widget-container\">\n\t\t\t\t\t<div class=\"elementor-spacer\">\n\t\t\t<div class=\"elementor-spacer-inner\"><\/div>\n\t\t<\/div>\n\t\t\t\t<\/div>\n\t\t\t\t<\/div>\n\t\t\t\t<div class=\"elementor-element elementor-element-5bc210f8 elementor-widget elementor-widget-image\" data-id=\"5bc210f8\" data-element_type=\"widget\" data-widget_type=\"image.default\">\n\t\t\t\t<div class=\"elementor-widget-container\">\n\t\t\t\t\t<div class=\"elementor-image\">\n\t\t\t\t\t\t\t\t\t\t<img width=\"768\" height=\"768\" src=\"https:\/\/adhesivosyselladoresproin.com.mx\/wp-content\/uploads\/2020\/04\/lps-tkx-768x768.jpg\" class=\"attachment-medium_large size-medium_large\" alt=\"lubricantes e inhibidores contra la corrosion\" loading=\"lazy\" srcset=\"https:\/\/adhesivosyselladoresproin.com.mx\/wp-content\/uploads\/2020\/04\/lps-tkx-768x768.jpg 768w, https:\/\/adhesivosyselladoresproin.com.mx\/wp-content\/uploads\/2020\/04\/lps-tkx-300x300.jpg 300w, https:\/\/adhesivosyselladoresproin.com.mx\/wp-content\/uploads\/2020\/04\/lps-tkx-150x150.jpg 150w, https:\/\/adhesivosyselladoresproin.com.mx\/wp-content\/uploads\/2020\/04\/lps-tkx.jpg 1000w\" sizes=\"(max-width: 768px) 100vw, 768px\" \/>\t\t\t\t\t\t\t\t\t\t\t<\/div>\n\t\t\t\t<\/div>\n\t\t\t\t<\/div>\n\t\t\t\t<div class=\"elementor-element elementor-element-84fb38f elementor-widget elementor-widget-text-editor\" data-id=\"84fb38f\" data-element_type=\"widget\" data-widget_type=\"text-editor.default\">\n\t\t\t\t<div class=\"elementor-widget-container\">\n\t\t\t\t\t<div class=\"elementor-text-editor elementor-clearfix\"><p><strong>LUBRICANTE MULTIPROP\u00d3SITO<\/strong><\/p><\/div>\n\t\t\t\t<\/div>\n\t\t\t\t<\/div>\n\t\t\t\t<div class=\"elementor-element elementor-element-6dffff4 elementor-widget elementor-widget-text-editor\" data-id=\"6dffff4\" data-element_type=\"widget\" data-widget_type=\"text-editor.default\">\n\t\t\t\t<div class=\"elementor-widget-container\">\n\t\t\t\t\t<div class=\"elementor-text-editor elementor-clearfix\"><ul>\n<li>Provee una pel\u00edcula aceitosa que no seca para una larga lubricaci\u00f3n<\/li>\n<li>Tiene un alto punto de flama de 79\u00b0C<\/li>\n<li>No contiene solventes clorados o silicones<\/li>\n<li>No es conductor<\/li>\n<li>Seguro en la mayor\u00eda de las superficies<\/li>\n<li>V\u00e1lvula inverta permita rociar en cualquier posici\u00f3n<\/li>\n<li>Diel\u00e9ctrico hasta los 32,000 volts<\/li>\n<\/ul><\/div>\n\t\t\t\t<\/div>\n\t\t\t\t<\/div>\n\t\t\t\t<div class=\"elementor-element elementor-element-4cec523a elementor-widget-divider--view-line elementor-widget elementor-widget-divider\" data-id=\"4cec523a\" data-element_type=\"widget\" data-widget_type=\"divider.default\">\n\t\t\t\t<div class=\"elementor-widget-container\">\n\t\t\t\t\t<div class=\"elementor-divider\">\n\t\t\t<span class=\"elementor-divider-separator\">\n\t\t\t\t\t\t<\/span>\n\t\t<\/div>\n\t\t\t\t<\/div>\n\t\t\t\t<\/div>\n\t\t\t\t\t\t<\/div>\n\t\t\t\t\t<\/div>\n\t\t<\/div>\n\t\t\t\t\t\t\t\t<\/div>\n\t\t\t\t\t<\/div>\n\t\t<\/section>\n\t\t\t\t<section class=\"elementor-section elementor-top-section elementor-element elementor-element-2bac6f94 elementor-section-boxed elementor-section-height-default elementor-section-height-default\" data-id=\"2bac6f94\" data-element_type=\"section\">\n\t\t\t\t\t\t<div class=\"elementor-container elementor-column-gap-default\">\n\t\t\t\t\t\t\t<div class=\"elementor-row\">\n\t\t\t\t\t<div class=\"elementor-column elementor-col-100 elementor-top-column elementor-element elementor-element-4e95347f\" data-id=\"4e95347f\" data-element_type=\"column\">\n\t\t\t<div class=\"elementor-column-wrap elementor-element-populated\">\n\t\t\t\t\t\t\t<div class=\"elementor-widget-wrap\">\n\t\t\t\t\t\t<div class=\"elementor-element elementor-element-f761e9 elementor-widget elementor-widget-heading\" data-id=\"f761e9\" data-element_type=\"widget\" data-widget_type=\"heading.default\">\n\t\t\t\t<div class=\"elementor-widget-container\">\n\t\t\t<h2 class=\"elementor-heading-title elementor-size-default\">LPS 3<\/h2>\t\t<\/div>\n\t\t\t\t<\/div>\n\t\t\t\t<div class=\"elementor-element elementor-element-6a04f24f elementor-widget elementor-widget-spacer\" data-id=\"6a04f24f\" data-element_type=\"widget\" data-widget_type=\"spacer.default\">\n\t\t\t\t<div class=\"elementor-widget-container\">\n\t\t\t\t\t<div class=\"elementor-spacer\">\n\t\t\t<div class=\"elementor-spacer-inner\"><\/div>\n\t\t<\/div>\n\t\t\t\t<\/div>\n\t\t\t\t<\/div>\n\t\t\t\t<div class=\"elementor-element elementor-element-5656f490 elementor-widget elementor-widget-image\" data-id=\"5656f490\" data-element_type=\"widget\" data-widget_type=\"image.default\">\n\t\t\t\t<div class=\"elementor-widget-container\">\n\t\t\t\t\t<div class=\"elementor-image\">\n\t\t\t\t\t\t\t\t\t\t<img src=\"https:\/\/adhesivosyselladoresproin.com.mx\/wp-content\/uploads\/elementor\/thumbs\/lps-3-onfs3hxph7kful88iklld4fx93mzxph6hl63ehgd8g.jpg\" title=\"lps 3\" alt=\"lubricantes e inhibidores contra la corrosion\" \/>\t\t\t\t\t\t\t\t\t\t\t<\/div>\n\t\t\t\t<\/div>\n\t\t\t\t<\/div>\n\t\t\t\t<div class=\"elementor-element elementor-element-6f06c0e6 elementor-widget elementor-widget-text-editor\" data-id=\"6f06c0e6\" data-element_type=\"widget\" data-widget_type=\"text-editor.default\">\n\t\t\t\t<div class=\"elementor-widget-container\">\n\t\t\t\t\t<div class=\"elementor-text-editor elementor-clearfix\"><p><strong>INHIBIDOR DE CORROSI\u00d3N<\/strong><\/p>\n<ul>\n<li>Inhibe la corrosi\u00f3n y oxidaci\u00f3n<\/li>\n<li>Forma una pel\u00edcula transparente, cerosa, suave para proteger y lubricar<\/li>\n<li>No es conductor<\/li>\n<li>No contiene solventes clorados o silicones<\/li>\n<li>No es conductor<\/li>\n<li>F\u00e1cilmente removible con desengrasantes LPS<\/li>\n<\/ul><\/div>\n\t\t\t\t<\/div>\n\t\t\t\t<\/div>\n\t\t\t\t\t\t<\/div>\n\t\t\t\t\t<\/div>\n\t\t<\/div>\n\t\t\t\t\t\t\t\t<\/div>\n\t\t\t\t\t<\/div>\n\t\t<\/section>\n\t\t\t\t\t\t<\/div>\n\t\t\t\t\t\t<\/div>\n\t\t\t\t\t<\/div>\n\t\t","protected":false},"excerpt":{"rendered":"<p>REGRESAR TKX LUBRICANTE MULTIPROP\u00d3SITO Provee una pel\u00edcula aceitosa que no seca para una larga lubricaci\u00f3n Tiene un alto punto de&hellip;<\/p>\n","protected":false},"author":1,"featured_media":0,"parent":0,"menu_order":0,"comment_status":"closed","ping_status":"closed","template":"","meta":[],"_links":{"self":[{"href":"https:\/\/adhesivosyselladoresproin.com.mx\/index.php\/wp-json\/wp\/v2\/pages\/342"}],"collection":[{"href":"https:\/\/adhesivosyselladoresproin.com.mx\/index.php\/wp-json\/wp\/v2\/pages"}],"about":[{"href":"https:\/\/adhesivosyselladoresproin.com.mx\/index.php\/wp-json\/wp\/v2\/types\/page"}],"author":[{"embeddable":true,"href":"https:\/\/adhesivosyselladoresproin.com.mx\/index.php\/wp-json\/wp\/v2\/users\/1"}],"replies":[{"embeddable":true,"href":"https:\/\/adhesivosyselladoresproin.com.mx\/index.php\/wp-json\/wp\/v2\/comments?post=342"}],"version-history":[{"count":12,"href":"https:\/\/adhesivosyselladoresproin.com.mx\/index.php\/wp-json\/wp\/v2\/pages\/342\/revisions"}],"predecessor-version":[{"id":1092,"href":"https:\/\/adhesivosyselladoresproin.com.mx\/index.php\/wp-json\/wp\/v2\/pages\/342\/revisions\/1092"}],"wp:attachment":[{"href":"https:\/\/adhesivosyselladoresproin.com.mx\/index.php\/wp-json\/wp\/v2\/media?parent=342"}],"curies":[{"name":"wp","href":"https:\/\/api.w.org\/{rel}","templated":true}]}}