{"id":403,"date":"2020-04-02T03:38:09","date_gmt":"2020-04-02T03:38:09","guid":{"rendered":"https:\/\/adhesivosyselladoresproin.com.mx\/?page_id=403"},"modified":"2021-04-14T22:09:00","modified_gmt":"2021-04-14T22:09:00","slug":"productos-para-mantenimiento-y-reparacion","status":"publish","type":"page","link":"https:\/\/adhesivosyselladoresproin.com.mx\/index.php\/productos-para-mantenimiento-y-reparacion\/","title":{"rendered":"Productos para Mantenimiento y Reparaci\u00f3n"},"content":{"rendered":"\t\t<div data-elementor-type=\"wp-page\" data-elementor-id=\"403\" class=\"elementor elementor-403\" data-elementor-settings=\"[]\">\n\t\t\t\t\t\t<div class=\"elementor-inner\">\n\t\t\t\t\t\t\t<div class=\"elementor-section-wrap\">\n\t\t\t\t\t\t\t<section class=\"elementor-section elementor-top-section elementor-element elementor-element-29c02867 elementor-section-boxed elementor-section-height-default elementor-section-height-default\" data-id=\"29c02867\" data-element_type=\"section\">\n\t\t\t\t\t\t<div class=\"elementor-container elementor-column-gap-default\">\n\t\t\t\t\t\t\t<div class=\"elementor-row\">\n\t\t\t\t\t<div class=\"elementor-column elementor-col-100 elementor-top-column elementor-element elementor-element-7b7b33f1\" data-id=\"7b7b33f1\" data-element_type=\"column\">\n\t\t\t<div class=\"elementor-column-wrap elementor-element-populated\">\n\t\t\t\t\t\t\t<div class=\"elementor-widget-wrap\">\n\t\t\t\t\t\t<div class=\"elementor-element elementor-element-61453c08 elementor-button-warning elementor-widget elementor-widget-button\" data-id=\"61453c08\" data-element_type=\"widget\" data-widget_type=\"button.default\">\n\t\t\t\t<div class=\"elementor-widget-container\">\n\t\t\t\t\t<div class=\"elementor-button-wrapper\">\n\t\t\t<a href=\"https:\/\/adhesivosyselladoresproin.com.mx\/index.php\/productos\" class=\"elementor-button-link elementor-button elementor-size-md\" role=\"button\">\n\t\t\t\t\t\t<span class=\"elementor-button-content-wrapper\">\n\t\t\t\t\t\t<span class=\"elementor-button-text\">REGRESAR<\/span>\n\t\t<\/span>\n\t\t\t\t\t<\/a>\n\t\t<\/div>\n\t\t\t\t<\/div>\n\t\t\t\t<\/div>\n\t\t\t\t<div class=\"elementor-element elementor-element-647fbd1a elementor-widget elementor-widget-spacer\" data-id=\"647fbd1a\" data-element_type=\"widget\" data-widget_type=\"spacer.default\">\n\t\t\t\t<div class=\"elementor-widget-container\">\n\t\t\t\t\t<div class=\"elementor-spacer\">\n\t\t\t<div class=\"elementor-spacer-inner\"><\/div>\n\t\t<\/div>\n\t\t\t\t<\/div>\n\t\t\t\t<\/div>\n\t\t\t\t\t\t<\/div>\n\t\t\t\t\t<\/div>\n\t\t<\/div>\n\t\t\t\t\t\t\t\t<\/div>\n\t\t\t\t\t<\/div>\n\t\t<\/section>\n\t\t\t\t<section class=\"elementor-section elementor-top-section elementor-element elementor-element-3061e657 elementor-section-boxed elementor-section-height-default elementor-section-height-default\" data-id=\"3061e657\" data-element_type=\"section\">\n\t\t\t\t\t\t<div class=\"elementor-container elementor-column-gap-default\">\n\t\t\t\t\t\t\t<div class=\"elementor-row\">\n\t\t\t\t\t<div class=\"elementor-column elementor-col-100 elementor-top-column elementor-element elementor-element-248e87e6\" data-id=\"248e87e6\" data-element_type=\"column\">\n\t\t\t<div class=\"elementor-column-wrap elementor-element-populated\">\n\t\t\t\t\t\t\t<div class=\"elementor-widget-wrap\">\n\t\t\t\t\t\t<div class=\"elementor-element elementor-element-1b04ee3d elementor-widget elementor-widget-heading\" data-id=\"1b04ee3d\" data-element_type=\"widget\" data-widget_type=\"heading.default\">\n\t\t\t\t<div class=\"elementor-widget-container\">\n\t\t\t<h2 class=\"elementor-heading-title elementor-size-default\">PLASTIACERO INOXIDABLE<\/h2>\t\t<\/div>\n\t\t\t\t<\/div>\n\t\t\t\t<div class=\"elementor-element elementor-element-42b43a5c elementor-widget elementor-widget-spacer\" data-id=\"42b43a5c\" data-element_type=\"widget\" data-widget_type=\"spacer.default\">\n\t\t\t\t<div class=\"elementor-widget-container\">\n\t\t\t\t\t<div class=\"elementor-spacer\">\n\t\t\t<div class=\"elementor-spacer-inner\"><\/div>\n\t\t<\/div>\n\t\t\t\t<\/div>\n\t\t\t\t<\/div>\n\t\t\t\t<div class=\"elementor-element elementor-element-77b47380 elementor-widget elementor-widget-image\" data-id=\"77b47380\" data-element_type=\"widget\" data-widget_type=\"image.default\">\n\t\t\t\t<div class=\"elementor-widget-container\">\n\t\t\t\t\t<div class=\"elementor-image\">\n\t\t\t\t\t\t\t\t\t\t<img width=\"355\" height=\"334\" src=\"https:\/\/adhesivosyselladoresproin.com.mx\/wp-content\/uploads\/2020\/04\/plastiacero-inoxidable-10270.jpg\" class=\"attachment-large size-large\" alt=\"productos para mantenimiento y reparacion\" loading=\"lazy\" srcset=\"https:\/\/adhesivosyselladoresproin.com.mx\/wp-content\/uploads\/2020\/04\/plastiacero-inoxidable-10270.jpg 355w, https:\/\/adhesivosyselladoresproin.com.mx\/wp-content\/uploads\/2020\/04\/plastiacero-inoxidable-10270-300x282.jpg 300w\" sizes=\"(max-width: 355px) 100vw, 355px\" \/>\t\t\t\t\t\t\t\t\t\t\t<\/div>\n\t\t\t\t<\/div>\n\t\t\t\t<\/div>\n\t\t\t\t<div class=\"elementor-element elementor-element-19ddeb9e elementor-widget elementor-widget-spacer\" data-id=\"19ddeb9e\" data-element_type=\"widget\" data-widget_type=\"spacer.default\">\n\t\t\t\t<div class=\"elementor-widget-container\">\n\t\t\t\t\t<div class=\"elementor-spacer\">\n\t\t\t<div class=\"elementor-spacer-inner\"><\/div>\n\t\t<\/div>\n\t\t\t\t<\/div>\n\t\t\t\t<\/div>\n\t\t\t\t<div class=\"elementor-element elementor-element-64885f3c elementor-widget elementor-widget-text-editor\" data-id=\"64885f3c\" data-element_type=\"widget\" data-widget_type=\"text-editor.default\">\n\t\t\t\t<div class=\"elementor-widget-container\">\n\t\t\t\t\t<div class=\"elementor-text-editor elementor-clearfix\"><p>PASTA ANTIAFERRANTE CON BASE COBRE<\/p>\n<ul>\n<li>Contiene lubricantes s\u00f3lidos como grafito y molibdeno.<\/li>\n<li>Lubrica, protege y facilita el desmontaje<\/li>\n<li>Lubricante de montaje y anti-agarrotamiento en entornos h\u00famedos, sucios y corrosivos<\/li>\n<li>Ideal para hornos, sistemas de escape y aplicaciones en muelles y plataformas petrol\u00edferas<\/li>\n<\/ul><\/div>\n\t\t\t\t<\/div>\n\t\t\t\t<\/div>\n\t\t\t\t\t\t<\/div>\n\t\t\t\t\t<\/div>\n\t\t<\/div>\n\t\t\t\t\t\t\t\t<\/div>\n\t\t\t\t\t<\/div>\n\t\t<\/section>\n\t\t\t\t<section class=\"elementor-section elementor-top-section elementor-element elementor-element-7c1befd0 elementor-section-boxed elementor-section-height-default elementor-section-height-default\" data-id=\"7c1befd0\" data-element_type=\"section\">\n\t\t\t\t\t\t<div class=\"elementor-container elementor-column-gap-default\">\n\t\t\t\t\t\t\t<div class=\"elementor-row\">\n\t\t\t\t\t<div class=\"elementor-column elementor-col-100 elementor-top-column elementor-element elementor-element-676937a8\" data-id=\"676937a8\" data-element_type=\"column\">\n\t\t\t<div class=\"elementor-column-wrap elementor-element-populated\">\n\t\t\t\t\t\t\t<div class=\"elementor-widget-wrap\">\n\t\t\t\t\t\t<div class=\"elementor-element elementor-element-4b32877b elementor-widget-divider--view-line elementor-widget elementor-widget-divider\" data-id=\"4b32877b\" data-element_type=\"widget\" data-widget_type=\"divider.default\">\n\t\t\t\t<div class=\"elementor-widget-container\">\n\t\t\t\t\t<div class=\"elementor-divider\">\n\t\t\t<span class=\"elementor-divider-separator\">\n\t\t\t\t\t\t<\/span>\n\t\t<\/div>\n\t\t\t\t<\/div>\n\t\t\t\t<\/div>\n\t\t\t\t\t\t<\/div>\n\t\t\t\t\t<\/div>\n\t\t<\/div>\n\t\t\t\t\t\t\t\t<\/div>\n\t\t\t\t\t<\/div>\n\t\t<\/section>\n\t\t\t\t<section class=\"elementor-section elementor-top-section elementor-element elementor-element-1270ed3 elementor-section-boxed elementor-section-height-default elementor-section-height-default\" data-id=\"1270ed3\" data-element_type=\"section\">\n\t\t\t\t\t\t<div class=\"elementor-container elementor-column-gap-default\">\n\t\t\t\t\t\t\t<div class=\"elementor-row\">\n\t\t\t\t\t<div class=\"elementor-column elementor-col-100 elementor-top-column elementor-element elementor-element-7054524c\" data-id=\"7054524c\" data-element_type=\"column\">\n\t\t\t<div class=\"elementor-column-wrap elementor-element-populated\">\n\t\t\t\t\t\t\t<div class=\"elementor-widget-wrap\">\n\t\t\t\t\t\t<div class=\"elementor-element elementor-element-21dee02a elementor-widget elementor-widget-heading\" data-id=\"21dee02a\" data-element_type=\"widget\" data-widget_type=\"heading.default\">\n\t\t\t\t<div class=\"elementor-widget-container\">\n\t\t\t<h2 class=\"elementor-heading-title elementor-size-default\">FLEXANE 80 (pasta)<\/h2>\t\t<\/div>\n\t\t\t\t<\/div>\n\t\t\t\t\t\t<\/div>\n\t\t\t\t\t<\/div>\n\t\t<\/div>\n\t\t\t\t\t\t\t\t<\/div>\n\t\t\t\t\t<\/div>\n\t\t<\/section>\n\t\t\t\t<section class=\"elementor-section elementor-top-section elementor-element elementor-element-3e9b9d73 elementor-section-boxed elementor-section-height-default elementor-section-height-default\" data-id=\"3e9b9d73\" data-element_type=\"section\">\n\t\t\t\t\t\t<div class=\"elementor-container elementor-column-gap-default\">\n\t\t\t\t\t\t\t<div class=\"elementor-row\">\n\t\t\t\t\t<div class=\"elementor-column elementor-col-100 elementor-top-column elementor-element elementor-element-3a2df64e\" data-id=\"3a2df64e\" data-element_type=\"column\">\n\t\t\t<div class=\"elementor-column-wrap elementor-element-populated\">\n\t\t\t\t\t\t\t<div class=\"elementor-widget-wrap\">\n\t\t\t\t\t\t<div class=\"elementor-element elementor-element-2621da3a elementor-widget elementor-widget-spacer\" data-id=\"2621da3a\" data-element_type=\"widget\" data-widget_type=\"spacer.default\">\n\t\t\t\t<div class=\"elementor-widget-container\">\n\t\t\t\t\t<div class=\"elementor-spacer\">\n\t\t\t<div class=\"elementor-spacer-inner\"><\/div>\n\t\t<\/div>\n\t\t\t\t<\/div>\n\t\t\t\t<\/div>\n\t\t\t\t<div class=\"elementor-element elementor-element-1b3b378 elementor-widget elementor-widget-image\" data-id=\"1b3b378\" data-element_type=\"widget\" data-widget_type=\"image.default\">\n\t\t\t\t<div class=\"elementor-widget-container\">\n\t\t\t\t\t<div class=\"elementor-image\">\n\t\t\t\t\t\t\t\t\t\t<img width=\"768\" height=\"712\" src=\"https:\/\/adhesivosyselladoresproin.com.mx\/wp-content\/uploads\/2020\/04\/flexane-80-pasta-768x712.jpg\" class=\"attachment-medium_large size-medium_large\" alt=\"productos para mantenimiento y reparacion\" loading=\"lazy\" srcset=\"https:\/\/adhesivosyselladoresproin.com.mx\/wp-content\/uploads\/2020\/04\/flexane-80-pasta-768x712.jpg 768w, https:\/\/adhesivosyselladoresproin.com.mx\/wp-content\/uploads\/2020\/04\/flexane-80-pasta-300x278.jpg 300w, https:\/\/adhesivosyselladoresproin.com.mx\/wp-content\/uploads\/2020\/04\/flexane-80-pasta-1024x949.jpg 1024w, https:\/\/adhesivosyselladoresproin.com.mx\/wp-content\/uploads\/2020\/04\/flexane-80-pasta.jpg 1200w\" sizes=\"(max-width: 768px) 100vw, 768px\" \/>\t\t\t\t\t\t\t\t\t\t\t<\/div>\n\t\t\t\t<\/div>\n\t\t\t\t<\/div>\n\t\t\t\t\t\t<\/div>\n\t\t\t\t\t<\/div>\n\t\t<\/div>\n\t\t\t\t\t\t\t\t<\/div>\n\t\t\t\t\t<\/div>\n\t\t<\/section>\n\t\t\t\t<section class=\"elementor-section elementor-top-section elementor-element elementor-element-71e9c80e elementor-section-boxed elementor-section-height-default elementor-section-height-default\" data-id=\"71e9c80e\" data-element_type=\"section\">\n\t\t\t\t\t\t<div class=\"elementor-container elementor-column-gap-default\">\n\t\t\t\t\t\t\t<div class=\"elementor-row\">\n\t\t\t\t\t<div class=\"elementor-column elementor-col-100 elementor-top-column elementor-element elementor-element-f7b46d0\" data-id=\"f7b46d0\" data-element_type=\"column\">\n\t\t\t<div class=\"elementor-column-wrap elementor-element-populated\">\n\t\t\t\t\t\t\t<div class=\"elementor-widget-wrap\">\n\t\t\t\t\t\t<div class=\"elementor-element elementor-element-e51e879 elementor-widget elementor-widget-spacer\" data-id=\"e51e879\" data-element_type=\"widget\" data-widget_type=\"spacer.default\">\n\t\t\t\t<div class=\"elementor-widget-container\">\n\t\t\t\t\t<div class=\"elementor-spacer\">\n\t\t\t<div class=\"elementor-spacer-inner\"><\/div>\n\t\t<\/div>\n\t\t\t\t<\/div>\n\t\t\t\t<\/div>\n\t\t\t\t<div class=\"elementor-element elementor-element-5c5074ff elementor-widget elementor-widget-text-editor\" data-id=\"5c5074ff\" data-element_type=\"widget\" data-widget_type=\"text-editor.default\">\n\t\t\t\t<div class=\"elementor-widget-container\">\n\t\t\t\t\t<div class=\"elementor-text-editor elementor-clearfix\"><p>COMPUESTO REPARADOR DE URETANO FLEXIBLE<\/p>\n<ul>\n<li>Sistema de hule sint\u00e9tico 2 componentes.<\/li>\n<li>F\u00e1cil mezclar y se aplica con esp\u00e1tula.<\/li>\n<li>Endurece hasta una consistencia de dureza media de caucho (87 shore a).<\/li>\n<li>Autonivelantes<\/li>\n<li>Reparaciones: partes de hule descontinuadas (reproducci\u00f3n), formaci\u00f3n de moldes flexibles, como juntas de control de hormig\u00f3n, como encapsulante de alambre y electr\u00f3nicos sujetos al impacto, vibraci\u00f3n y contracci\u00f3n<\/li>\n<\/ul><\/div>\n\t\t\t\t<\/div>\n\t\t\t\t<\/div>\n\t\t\t\t<div class=\"elementor-element elementor-element-12f168c elementor-widget elementor-widget-spacer\" data-id=\"12f168c\" data-element_type=\"widget\" data-widget_type=\"spacer.default\">\n\t\t\t\t<div class=\"elementor-widget-container\">\n\t\t\t\t\t<div class=\"elementor-spacer\">\n\t\t\t<div class=\"elementor-spacer-inner\"><\/div>\n\t\t<\/div>\n\t\t\t\t<\/div>\n\t\t\t\t<\/div>\n\t\t\t\t\t\t<\/div>\n\t\t\t\t\t<\/div>\n\t\t<\/div>\n\t\t\t\t\t\t\t\t<\/div>\n\t\t\t\t\t<\/div>\n\t\t<\/section>\n\t\t\t\t\t\t<\/div>\n\t\t\t\t\t\t<\/div>\n\t\t\t\t\t<\/div>\n\t\t","protected":false},"excerpt":{"rendered":"<p>REGRESAR PLASTIACERO INOXIDABLE PASTA ANTIAFERRANTE CON BASE COBRE Contiene lubricantes s\u00f3lidos como grafito y molibdeno. Lubrica, protege y facilita el&hellip;<\/p>\n","protected":false},"author":1,"featured_media":0,"parent":0,"menu_order":0,"comment_status":"closed","ping_status":"closed","template":"","meta":[],"_links":{"self":[{"href":"https:\/\/adhesivosyselladoresproin.com.mx\/index.php\/wp-json\/wp\/v2\/pages\/403"}],"collection":[{"href":"https:\/\/adhesivosyselladoresproin.com.mx\/index.php\/wp-json\/wp\/v2\/pages"}],"about":[{"href":"https:\/\/adhesivosyselladoresproin.com.mx\/index.php\/wp-json\/wp\/v2\/types\/page"}],"author":[{"embeddable":true,"href":"https:\/\/adhesivosyselladoresproin.com.mx\/index.php\/wp-json\/wp\/v2\/users\/1"}],"replies":[{"embeddable":true,"href":"https:\/\/adhesivosyselladoresproin.com.mx\/index.php\/wp-json\/wp\/v2\/comments?post=403"}],"version-history":[{"count":7,"href":"https:\/\/adhesivosyselladoresproin.com.mx\/index.php\/wp-json\/wp\/v2\/pages\/403\/revisions"}],"predecessor-version":[{"id":1016,"href":"https:\/\/adhesivosyselladoresproin.com.mx\/index.php\/wp-json\/wp\/v2\/pages\/403\/revisions\/1016"}],"wp:attachment":[{"href":"https:\/\/adhesivosyselladoresproin.com.mx\/index.php\/wp-json\/wp\/v2\/media?parent=403"}],"curies":[{"name":"wp","href":"https:\/\/api.w.org\/{rel}","templated":true}]}}