{"id":798,"date":"2021-04-07T00:13:33","date_gmt":"2021-04-07T00:13:33","guid":{"rendered":"https:\/\/adhesivosyselladoresproin.com.mx\/?page_id=798"},"modified":"2021-04-13T21:18:16","modified_gmt":"2021-04-13T21:18:16","slug":"silicones-loctite","status":"publish","type":"page","link":"https:\/\/adhesivosyselladoresproin.com.mx\/index.php\/silicones-loctite\/","title":{"rendered":"Silicones Loctite"},"content":{"rendered":"\t\t<div data-elementor-type=\"wp-page\" data-elementor-id=\"798\" class=\"elementor elementor-798\" data-elementor-settings=\"[]\">\n\t\t\t\t\t\t<div class=\"elementor-inner\">\n\t\t\t\t\t\t\t<div class=\"elementor-section-wrap\">\n\t\t\t\t\t\t\t<section class=\"elementor-section elementor-top-section elementor-element elementor-element-3730674 elementor-section-boxed elementor-section-height-default elementor-section-height-default\" data-id=\"3730674\" data-element_type=\"section\">\n\t\t\t\t\t\t<div class=\"elementor-container elementor-column-gap-default\">\n\t\t\t\t\t\t\t<div class=\"elementor-row\">\n\t\t\t\t\t<div class=\"elementor-column elementor-col-100 elementor-top-column elementor-element elementor-element-5068ce6\" data-id=\"5068ce6\" data-element_type=\"column\">\n\t\t\t<div class=\"elementor-column-wrap elementor-element-populated\">\n\t\t\t\t\t\t\t<div class=\"elementor-widget-wrap\">\n\t\t\t\t\t\t<div class=\"elementor-element elementor-element-14812ba5 elementor-button-warning elementor-widget elementor-widget-button\" data-id=\"14812ba5\" data-element_type=\"widget\" data-widget_type=\"button.default\">\n\t\t\t\t<div class=\"elementor-widget-container\">\n\t\t\t\t\t<div class=\"elementor-button-wrapper\">\n\t\t\t<a href=\"https:\/\/adhesivosyselladoresproin.com.mx\/index.php\/productos\" class=\"elementor-button-link elementor-button elementor-size-md\" role=\"button\">\n\t\t\t\t\t\t<span class=\"elementor-button-content-wrapper\">\n\t\t\t\t\t\t<span class=\"elementor-button-text\">REGRESAR<\/span>\n\t\t<\/span>\n\t\t\t\t\t<\/a>\n\t\t<\/div>\n\t\t\t\t<\/div>\n\t\t\t\t<\/div>\n\t\t\t\t\t\t<\/div>\n\t\t\t\t\t<\/div>\n\t\t<\/div>\n\t\t\t\t\t\t\t\t<\/div>\n\t\t\t\t\t<\/div>\n\t\t<\/section>\n\t\t\t\t<section class=\"elementor-section elementor-top-section elementor-element elementor-element-645d015 elementor-section-boxed elementor-section-height-default elementor-section-height-default\" data-id=\"645d015\" data-element_type=\"section\">\n\t\t\t\t\t\t<div class=\"elementor-container elementor-column-gap-default\">\n\t\t\t\t\t\t\t<div class=\"elementor-row\">\n\t\t\t\t\t<div class=\"elementor-column elementor-col-100 elementor-top-column elementor-element elementor-element-c64880f\" data-id=\"c64880f\" data-element_type=\"column\">\n\t\t\t<div class=\"elementor-column-wrap elementor-element-populated\">\n\t\t\t\t\t\t\t<div class=\"elementor-widget-wrap\">\n\t\t\t\t\t\t<div class=\"elementor-element elementor-element-ea35f27 elementor-widget elementor-widget-spacer\" data-id=\"ea35f27\" data-element_type=\"widget\" data-widget_type=\"spacer.default\">\n\t\t\t\t<div class=\"elementor-widget-container\">\n\t\t\t\t\t<div class=\"elementor-spacer\">\n\t\t\t<div class=\"elementor-spacer-inner\"><\/div>\n\t\t<\/div>\n\t\t\t\t<\/div>\n\t\t\t\t<\/div>\n\t\t\t\t<div class=\"elementor-element elementor-element-d381496 elementor-widget elementor-widget-heading\" data-id=\"d381496\" data-element_type=\"widget\" data-widget_type=\"heading.default\">\n\t\t\t\t<div class=\"elementor-widget-container\">\n\t\t\t<h2 class=\"elementor-heading-title elementor-size-default\"><p class=\"MsoNormal\" style=\"margin-bottom: 0cm; line-height: normal; background-image: initial; background-position: initial; background-size: initial; background-repeat: initial; background-attachment: initial; background-origin: initial; background-clip: initial;\"><b><span style=\"font-size:22.5pt;font-family:&quot;Arial&quot;,sans-serif;\nmso-fareast-font-family:&quot;Times New Roman&quot;;color:#D82727;text-transform:uppercase;\nletter-spacing:-.25pt;mso-fareast-language:ES-MX\">LOCTITE<\/span><\/b><b><span style=\"font-size:13.5pt;font-family:&quot;Verdana&quot;,sans-serif;mso-fareast-font-family:\n&quot;Times New Roman&quot;;mso-bidi-font-family:Arial;color:black;text-transform:uppercase;\nmso-fareast-language:ES-MX\">&nbsp;&nbsp;<\/span><\/b><b><span style=\"font-size:\n22.5pt;font-family:&quot;Arial&quot;,sans-serif;mso-fareast-font-family:&quot;Times New Roman&quot;;\ncolor:#D82727;text-transform:uppercase;letter-spacing:-.25pt;mso-fareast-language:\nES-MX\">587 SILIC\u00d3N RTV BLUE<o:p><\/o:p><\/span><\/b><\/p>\n\n<\/h2>\t\t<\/div>\n\t\t\t\t<\/div>\n\t\t\t\t<div class=\"elementor-element elementor-element-dcef325 elementor-widget elementor-widget-image\" data-id=\"dcef325\" data-element_type=\"widget\" data-widget_type=\"image.default\">\n\t\t\t\t<div class=\"elementor-widget-container\">\n\t\t\t\t\t<div class=\"elementor-image\">\n\t\t\t\t\t\t\t\t\t\t<img width=\"300\" height=\"300\" src=\"https:\/\/adhesivosyselladoresproin.com.mx\/wp-content\/uploads\/2021\/04\/L-587-45-300x300.jpg\" class=\"attachment-medium size-medium\" alt=\"\" loading=\"lazy\" srcset=\"https:\/\/adhesivosyselladoresproin.com.mx\/wp-content\/uploads\/2021\/04\/L-587-45-300x300.jpg 300w, https:\/\/adhesivosyselladoresproin.com.mx\/wp-content\/uploads\/2021\/04\/L-587-45-150x150.jpg 150w, https:\/\/adhesivosyselladoresproin.com.mx\/wp-content\/uploads\/2021\/04\/L-587-45.jpg 500w\" sizes=\"(max-width: 300px) 100vw, 300px\" \/>\t\t\t\t\t\t\t\t\t\t\t<\/div>\n\t\t\t\t<\/div>\n\t\t\t\t<\/div>\n\t\t\t\t<div class=\"elementor-element elementor-element-c96be49 elementor-widget elementor-widget-text-editor\" data-id=\"c96be49\" data-element_type=\"widget\" data-widget_type=\"text-editor.default\">\n\t\t\t\t<div class=\"elementor-widget-container\">\n\t\t\t\t\t<div class=\"elementor-text-editor elementor-clearfix\"><ul type=\"disc\"><li class=\"MsoNormal\" style=\"line-height: normal; background-image: initial; background-position: initial; background-size: initial; background-repeat: initial; background-attachment: initial; background-origin: initial; background-clip: initial;\"><span style=\"font-size: 13.5pt; font-family: 'Arial',sans-serif; mso-fareast-font-family: 'Times New Roman'; mso-fareast-language: ES-MX;\">Sellador industrial formador de juntas para altas temperaturas\u00a0\u00a0<\/span><\/li><li class=\"MsoNormal\" style=\"line-height: normal; background-image: initial; background-position: initial; background-size: initial; background-repeat: initial; background-attachment: initial; background-origin: initial; background-clip: initial;\"><span style=\"font-size: 13.5pt; font-family: 'Arial',sans-serif; mso-fareast-font-family: 'Times New Roman'; mso-fareast-language: ES-MX;\">Ideal para bridas<\/span><\/li><li class=\"MsoNormal\" style=\"line-height: normal; background-image: initial; background-position: initial; background-size: initial; background-repeat: initial; background-attachment: initial; background-origin: initial; background-clip: initial;\"><span style=\"font-size: 13.5pt; font-family: 'Arial',sans-serif; mso-fareast-font-family: 'Times New Roman'; mso-fareast-language: ES-MX;\">Excelente resistencia a la inmersi\u00f3n en aceite<\/span><\/li><li class=\"MsoNormal\" style=\"line-height: normal; background-image: initial; background-position: initial; background-size: initial; background-repeat: initial; background-attachment: initial; background-origin: initial; background-clip: initial;\"><span style=\"font-size: 13.5pt; font-family: 'Arial',sans-serif; mso-fareast-font-family: 'Times New Roman'; mso-fareast-language: ES-MX;\">No es corrosivo en acero y aluminio<\/span><\/li><\/ul><\/div>\n\t\t\t\t<\/div>\n\t\t\t\t<\/div>\n\t\t\t\t\t\t<\/div>\n\t\t\t\t\t<\/div>\n\t\t<\/div>\n\t\t\t\t\t\t\t\t<\/div>\n\t\t\t\t\t<\/div>\n\t\t<\/section>\n\t\t\t\t<section class=\"elementor-section elementor-top-section elementor-element elementor-element-5a1521b5 elementor-section-boxed elementor-section-height-default elementor-section-height-default\" data-id=\"5a1521b5\" data-element_type=\"section\">\n\t\t\t\t\t\t<div class=\"elementor-container elementor-column-gap-default\">\n\t\t\t\t\t\t\t<div class=\"elementor-row\">\n\t\t\t\t\t<div class=\"elementor-column elementor-col-100 elementor-top-column elementor-element elementor-element-16b237a\" data-id=\"16b237a\" data-element_type=\"column\">\n\t\t\t<div class=\"elementor-column-wrap elementor-element-populated\">\n\t\t\t\t\t\t\t<div class=\"elementor-widget-wrap\">\n\t\t\t\t\t\t<div class=\"elementor-element elementor-element-27fa8e9 elementor-widget-divider--view-line elementor-widget elementor-widget-divider\" data-id=\"27fa8e9\" data-element_type=\"widget\" data-widget_type=\"divider.default\">\n\t\t\t\t<div class=\"elementor-widget-container\">\n\t\t\t\t\t<div class=\"elementor-divider\">\n\t\t\t<span class=\"elementor-divider-separator\">\n\t\t\t\t\t\t<\/span>\n\t\t<\/div>\n\t\t\t\t<\/div>\n\t\t\t\t<\/div>\n\t\t\t\t\t\t<\/div>\n\t\t\t\t\t<\/div>\n\t\t<\/div>\n\t\t\t\t\t\t\t\t<\/div>\n\t\t\t\t\t<\/div>\n\t\t<\/section>\n\t\t\t\t<section class=\"elementor-section elementor-top-section elementor-element elementor-element-2dd25f37 elementor-section-boxed elementor-section-height-default elementor-section-height-default\" data-id=\"2dd25f37\" data-element_type=\"section\">\n\t\t\t\t\t\t<div class=\"elementor-container elementor-column-gap-default\">\n\t\t\t\t\t\t\t<div class=\"elementor-row\">\n\t\t\t\t\t<div class=\"elementor-column elementor-col-100 elementor-top-column elementor-element elementor-element-6e15d926\" data-id=\"6e15d926\" data-element_type=\"column\">\n\t\t\t<div class=\"elementor-column-wrap elementor-element-populated\">\n\t\t\t\t\t\t\t<div class=\"elementor-widget-wrap\">\n\t\t\t\t\t\t<div class=\"elementor-element elementor-element-23824970 elementor-widget elementor-widget-heading\" data-id=\"23824970\" data-element_type=\"widget\" data-widget_type=\"heading.default\">\n\t\t\t\t<div class=\"elementor-widget-container\">\n\t\t\t<h2 class=\"elementor-heading-title elementor-size-default\">LOCTITE 595 SILIC\u00d3N TRANSPARENTE<\/h2>\t\t<\/div>\n\t\t\t\t<\/div>\n\t\t\t\t<div class=\"elementor-element elementor-element-4199c9c0 elementor-widget elementor-widget-spacer\" data-id=\"4199c9c0\" data-element_type=\"widget\" data-widget_type=\"spacer.default\">\n\t\t\t\t<div class=\"elementor-widget-container\">\n\t\t\t\t\t<div class=\"elementor-spacer\">\n\t\t\t<div class=\"elementor-spacer-inner\"><\/div>\n\t\t<\/div>\n\t\t\t\t<\/div>\n\t\t\t\t<\/div>\n\t\t\t\t<div class=\"elementor-element elementor-element-234f3f7a elementor-widget elementor-widget-image\" data-id=\"234f3f7a\" data-element_type=\"widget\" data-widget_type=\"image.default\">\n\t\t\t\t<div class=\"elementor-widget-container\">\n\t\t\t\t\t<div class=\"elementor-image\">\n\t\t\t\t\t\t\t\t\t\t<img width=\"248\" height=\"203\" src=\"https:\/\/adhesivosyselladoresproin.com.mx\/wp-content\/uploads\/2021\/04\/L.-silicon-transparente.jpeg\" class=\"attachment-large size-large\" alt=\"\" loading=\"lazy\" \/>\t\t\t\t\t\t\t\t\t\t\t<\/div>\n\t\t\t\t<\/div>\n\t\t\t\t<\/div>\n\t\t\t\t<div class=\"elementor-element elementor-element-34fe857e elementor-widget elementor-widget-text-editor\" data-id=\"34fe857e\" data-element_type=\"widget\" data-widget_type=\"text-editor.default\">\n\t\t\t\t<div class=\"elementor-widget-container\">\n\t\t\t\t\t<div class=\"elementor-text-editor elementor-clearfix\"><div>\u00a0<\/div><ul><li><p>Alta resistencia al medio ambiente<\/p><\/li><li><p><span style=\"color: var( --e-global-color-text ); font-family: var( --e-global-typography-text-font-family ), Sans-serif; font-weight: var( --e-global-typography-text-font-weight );\">Sellante de uso exterior \/ interior<\/span><\/p><\/li><li><p><span style=\"color: var( --e-global-color-text ); font-family: var( --e-global-typography-text-font-family ), Sans-serif; font-weight: var( --e-global-typography-text-font-weight );\">Soportar temperaturas extremas, luz UV y ozono<\/span><\/p><\/li><li><p><span style=\"color: var( --e-global-color-text ); font-family: var( --e-global-typography-text-font-family ), Sans-serif; font-weight: var( --e-global-typography-text-font-weight );\">Sella, adhiere, a\u00edsla<\/span><\/p><\/li><\/ul><\/div>\n\t\t\t\t<\/div>\n\t\t\t\t<\/div>\n\t\t\t\t<div class=\"elementor-element elementor-element-36a328bb elementor-widget-divider--view-line elementor-widget elementor-widget-divider\" data-id=\"36a328bb\" data-element_type=\"widget\" data-widget_type=\"divider.default\">\n\t\t\t\t<div class=\"elementor-widget-container\">\n\t\t\t\t\t<div class=\"elementor-divider\">\n\t\t\t<span class=\"elementor-divider-separator\">\n\t\t\t\t\t\t<\/span>\n\t\t<\/div>\n\t\t\t\t<\/div>\n\t\t\t\t<\/div>\n\t\t\t\t\t\t<\/div>\n\t\t\t\t\t<\/div>\n\t\t<\/div>\n\t\t\t\t\t\t\t\t<\/div>\n\t\t\t\t\t<\/div>\n\t\t<\/section>\n\t\t\t\t<section class=\"elementor-section elementor-top-section elementor-element elementor-element-5e7480ba elementor-section-boxed elementor-section-height-default elementor-section-height-default\" data-id=\"5e7480ba\" data-element_type=\"section\">\n\t\t\t\t\t\t<div class=\"elementor-container elementor-column-gap-default\">\n\t\t\t\t\t\t\t<div class=\"elementor-row\">\n\t\t\t\t\t<div class=\"elementor-column elementor-col-100 elementor-top-column elementor-element elementor-element-815b546\" data-id=\"815b546\" data-element_type=\"column\">\n\t\t\t<div class=\"elementor-column-wrap elementor-element-populated\">\n\t\t\t\t\t\t\t<div class=\"elementor-widget-wrap\">\n\t\t\t\t\t\t<div class=\"elementor-element elementor-element-69acf5b2 elementor-widget elementor-widget-heading\" data-id=\"69acf5b2\" data-element_type=\"widget\" data-widget_type=\"heading.default\">\n\t\t\t\t<div class=\"elementor-widget-container\">\n\t\t\t<h2 class=\"elementor-heading-title elementor-size-default\">LOCTITE 596 SILIC\u00d3N ROJO<\/h2>\t\t<\/div>\n\t\t\t\t<\/div>\n\t\t\t\t<div class=\"elementor-element elementor-element-2be761f3 elementor-widget elementor-widget-image\" data-id=\"2be761f3\" data-element_type=\"widget\" data-widget_type=\"image.default\">\n\t\t\t\t<div class=\"elementor-widget-container\">\n\t\t\t\t\t<div class=\"elementor-image\">\n\t\t\t\t\t\t\t\t\t\t<img width=\"196\" height=\"196\" src=\"https:\/\/adhesivosyselladoresproin.com.mx\/wp-content\/uploads\/2021\/04\/Loctite-silicon-rojo.jpeg\" class=\"attachment-large size-large\" alt=\"\" loading=\"lazy\" srcset=\"https:\/\/adhesivosyselladoresproin.com.mx\/wp-content\/uploads\/2021\/04\/Loctite-silicon-rojo.jpeg 196w, https:\/\/adhesivosyselladoresproin.com.mx\/wp-content\/uploads\/2021\/04\/Loctite-silicon-rojo-150x150.jpeg 150w\" sizes=\"(max-width: 196px) 100vw, 196px\" \/>\t\t\t\t\t\t\t\t\t\t\t<\/div>\n\t\t\t\t<\/div>\n\t\t\t\t<\/div>\n\t\t\t\t<div class=\"elementor-element elementor-element-c98b248 elementor-widget elementor-widget-text-editor\" data-id=\"c98b248\" data-element_type=\"widget\" data-widget_type=\"text-editor.default\">\n\t\t\t\t<div class=\"elementor-widget-container\">\n\t\t\t\t\t<div class=\"elementor-text-editor elementor-clearfix\"><div>\u00a0<\/div><ul><li>\u00a0Silic\u00f3n de Alta Temperatura<\/li><li>Para formar sellos y juntas a temperaturas entre -50 \u00b0C a +250 \u00b0C.<\/li><li>Resiste el envejecimiento, la intemperie y los ciclos t\u00e9rmicos, sin endurecer, contraerse o agrietarse.<\/li><li>\u00a0Se utiliza para el montaje y reparaci\u00f3n de hornos industriales y comunes, calderas, sistemas de escape, conductos de alta temperatura, y elementos de calefacci\u00f3n en electrodom\u00e9sticos<\/li><\/ul><\/div>\n\t\t\t\t<\/div>\n\t\t\t\t<\/div>\n\t\t\t\t\t\t<\/div>\n\t\t\t\t\t<\/div>\n\t\t<\/div>\n\t\t\t\t\t\t\t\t<\/div>\n\t\t\t\t\t<\/div>\n\t\t<\/section>\n\t\t\t\t<section class=\"elementor-section elementor-top-section elementor-element elementor-element-08ad485 elementor-section-boxed elementor-section-height-default elementor-section-height-default\" data-id=\"08ad485\" data-element_type=\"section\">\n\t\t\t\t\t\t<div class=\"elementor-container elementor-column-gap-default\">\n\t\t\t\t\t\t\t<div class=\"elementor-row\">\n\t\t\t\t\t<div class=\"elementor-column elementor-col-100 elementor-top-column elementor-element elementor-element-6aa0fed\" data-id=\"6aa0fed\" data-element_type=\"column\">\n\t\t\t<div class=\"elementor-column-wrap elementor-element-populated\">\n\t\t\t\t\t\t\t<div class=\"elementor-widget-wrap\">\n\t\t\t\t\t\t<div class=\"elementor-element elementor-element-ecf8ccd elementor-widget-divider--view-line elementor-widget elementor-widget-divider\" data-id=\"ecf8ccd\" data-element_type=\"widget\" data-widget_type=\"divider.default\">\n\t\t\t\t<div class=\"elementor-widget-container\">\n\t\t\t\t\t<div class=\"elementor-divider\">\n\t\t\t<span class=\"elementor-divider-separator\">\n\t\t\t\t\t\t<\/span>\n\t\t<\/div>\n\t\t\t\t<\/div>\n\t\t\t\t<\/div>\n\t\t\t\t<div class=\"elementor-element elementor-element-ea5c6dd elementor-widget elementor-widget-heading\" data-id=\"ea5c6dd\" data-element_type=\"widget\" data-widget_type=\"heading.default\">\n\t\t\t\t<div class=\"elementor-widget-container\">\n\t\t\t<h2 class=\"elementor-heading-title elementor-size-default\"><span style=\"color: rgb(216, 39, 39); font-family: var( --e-global-typography-primary-font-family ), Sans-serif; font-weight: var( --e-global-typography-primary-font-weight ); letter-spacing: -0.02em;\">LOCTITE 598 SILIC\u00d3N NEGRO<\/span><\/h2>\t\t<\/div>\n\t\t\t\t<\/div>\n\t\t\t\t<div class=\"elementor-element elementor-element-ca16ebb elementor-widget elementor-widget-image\" data-id=\"ca16ebb\" data-element_type=\"widget\" data-widget_type=\"image.default\">\n\t\t\t\t<div class=\"elementor-widget-container\">\n\t\t\t\t\t<div class=\"elementor-image\">\n\t\t\t\t\t\t\t\t\t\t<img width=\"159\" height=\"159\" src=\"https:\/\/adhesivosyselladoresproin.com.mx\/wp-content\/uploads\/2021\/04\/L-silicon-negro.jpeg\" class=\"attachment-large size-large\" alt=\"\" loading=\"lazy\" srcset=\"https:\/\/adhesivosyselladoresproin.com.mx\/wp-content\/uploads\/2021\/04\/L-silicon-negro.jpeg 159w, https:\/\/adhesivosyselladoresproin.com.mx\/wp-content\/uploads\/2021\/04\/L-silicon-negro-150x150.jpeg 150w\" sizes=\"(max-width: 159px) 100vw, 159px\" \/>\t\t\t\t\t\t\t\t\t\t\t<\/div>\n\t\t\t\t<\/div>\n\t\t\t\t<\/div>\n\t\t\t\t<div class=\"elementor-element elementor-element-595f3cf elementor-widget elementor-widget-text-editor\" data-id=\"595f3cf\" data-element_type=\"widget\" data-widget_type=\"text-editor.default\">\n\t\t\t\t<div class=\"elementor-widget-container\">\n\t\t\t\t\t<div class=\"elementor-text-editor elementor-clearfix\"><ul><li>Excelente resistencia a los aceites de motor del autom\u00f3vil<\/li><li>Dise\u00f1ado para proporcionar un excelente sellado en ensambles mec\u00e1nicos<\/li><li>Las aplicaciones t\u00edpicas incluyen el c\u00e1rter de aceite y el de transmisi\u00f3n, tapas de v\u00e1lvulas, v\u00e1lvulas y gu\u00edas, tapas de engranajes de la distribuci\u00f3n, y tapas de diferenciales<\/li><li>Resiste el envejecimiento, la intemperie y los ciclos t\u00e9rmicos, sin endurecer, contraerse o agrietarse<\/li><li>Formulado para soportar ciclos de temperaturas de 260\u00b0C\u00a0<\/li><\/ul><\/div>\n\t\t\t\t<\/div>\n\t\t\t\t<\/div>\n\t\t\t\t<div class=\"elementor-element elementor-element-a415388 elementor-widget-divider--view-line elementor-widget elementor-widget-divider\" data-id=\"a415388\" data-element_type=\"widget\" data-widget_type=\"divider.default\">\n\t\t\t\t<div class=\"elementor-widget-container\">\n\t\t\t\t\t<div class=\"elementor-divider\">\n\t\t\t<span class=\"elementor-divider-separator\">\n\t\t\t\t\t\t<\/span>\n\t\t<\/div>\n\t\t\t\t<\/div>\n\t\t\t\t<\/div>\n\t\t\t\t\t\t<\/div>\n\t\t\t\t\t<\/div>\n\t\t<\/div>\n\t\t\t\t\t\t\t\t<\/div>\n\t\t\t\t\t<\/div>\n\t\t<\/section>\n\t\t\t\t<section class=\"elementor-section elementor-top-section elementor-element elementor-element-9eb86d4 elementor-section-boxed elementor-section-height-default elementor-section-height-default\" data-id=\"9eb86d4\" data-element_type=\"section\">\n\t\t\t\t\t\t<div class=\"elementor-container elementor-column-gap-default\">\n\t\t\t\t\t\t\t<div class=\"elementor-row\">\n\t\t\t\t\t<div class=\"elementor-column elementor-col-100 elementor-top-column elementor-element elementor-element-f458143\" data-id=\"f458143\" data-element_type=\"column\">\n\t\t\t<div class=\"elementor-column-wrap elementor-element-populated\">\n\t\t\t\t\t\t\t<div class=\"elementor-widget-wrap\">\n\t\t\t\t\t\t<div class=\"elementor-element elementor-element-5de2519 elementor-widget elementor-widget-heading\" data-id=\"5de2519\" data-element_type=\"widget\" data-widget_type=\"heading.default\">\n\t\t\t\t<div class=\"elementor-widget-container\">\n\t\t\t<h2 class=\"elementor-heading-title elementor-size-default\">LOCTITE  5699 SILIC\u00d3N GRIS<\/h2>\t\t<\/div>\n\t\t\t\t<\/div>\n\t\t\t\t<div class=\"elementor-element elementor-element-4727220 elementor-widget elementor-widget-image\" data-id=\"4727220\" data-element_type=\"widget\" data-widget_type=\"image.default\">\n\t\t\t\t<div class=\"elementor-widget-container\">\n\t\t\t\t\t<div class=\"elementor-image\">\n\t\t\t\t\t\t\t\t\t\t<img width=\"225\" height=\"225\" src=\"https:\/\/adhesivosyselladoresproin.com.mx\/wp-content\/uploads\/2021\/04\/L-5699.jpeg\" class=\"attachment-large size-large\" alt=\"\" loading=\"lazy\" srcset=\"https:\/\/adhesivosyselladoresproin.com.mx\/wp-content\/uploads\/2021\/04\/L-5699.jpeg 225w, https:\/\/adhesivosyselladoresproin.com.mx\/wp-content\/uploads\/2021\/04\/L-5699-150x150.jpeg 150w\" sizes=\"(max-width: 225px) 100vw, 225px\" \/>\t\t\t\t\t\t\t\t\t\t\t<\/div>\n\t\t\t\t<\/div>\n\t\t\t\t<\/div>\n\t\t\t\t<div class=\"elementor-element elementor-element-7a68b6c elementor-widget elementor-widget-text-editor\" data-id=\"7a68b6c\" data-element_type=\"widget\" data-widget_type=\"text-editor.default\">\n\t\t\t\t<div class=\"elementor-widget-container\">\n\t\t\t\t\t<div class=\"elementor-text-editor elementor-clearfix\"><ul>\n<li>Es un formador de juntas resistente al agua glicolada<\/li>\n<li>Uso en bridas flexibles, superficies mecanizadas o fundidas, de metal o pl\u00e1stico<\/li>\n<\/ul><\/div>\n\t\t\t\t<\/div>\n\t\t\t\t<\/div>\n\t\t\t\t\t\t<\/div>\n\t\t\t\t\t<\/div>\n\t\t<\/div>\n\t\t\t\t\t\t\t\t<\/div>\n\t\t\t\t\t<\/div>\n\t\t<\/section>\n\t\t\t\t\t\t<\/div>\n\t\t\t\t\t\t<\/div>\n\t\t\t\t\t<\/div>\n\t\t","protected":false},"excerpt":{"rendered":"<p>REGRESAR LOCTITE&nbsp;&nbsp;587 SILIC\u00d3N RTV BLUE Sellador industrial formador de juntas para altas temperaturas\u00a0\u00a0 Ideal para bridas Excelente resistencia a la&hellip;<\/p>\n","protected":false},"author":1,"featured_media":0,"parent":0,"menu_order":0,"comment_status":"closed","ping_status":"closed","template":"","meta":[],"_links":{"self":[{"href":"https:\/\/adhesivosyselladoresproin.com.mx\/index.php\/wp-json\/wp\/v2\/pages\/798"}],"collection":[{"href":"https:\/\/adhesivosyselladoresproin.com.mx\/index.php\/wp-json\/wp\/v2\/pages"}],"about":[{"href":"https:\/\/adhesivosyselladoresproin.com.mx\/index.php\/wp-json\/wp\/v2\/types\/page"}],"author":[{"embeddable":true,"href":"https:\/\/adhesivosyselladoresproin.com.mx\/index.php\/wp-json\/wp\/v2\/users\/1"}],"replies":[{"embeddable":true,"href":"https:\/\/adhesivosyselladoresproin.com.mx\/index.php\/wp-json\/wp\/v2\/comments?post=798"}],"version-history":[{"count":21,"href":"https:\/\/adhesivosyselladoresproin.com.mx\/index.php\/wp-json\/wp\/v2\/pages\/798\/revisions"}],"predecessor-version":[{"id":908,"href":"https:\/\/adhesivosyselladoresproin.com.mx\/index.php\/wp-json\/wp\/v2\/pages\/798\/revisions\/908"}],"wp:attachment":[{"href":"https:\/\/adhesivosyselladoresproin.com.mx\/index.php\/wp-json\/wp\/v2\/media?parent=798"}],"curies":[{"name":"wp","href":"https:\/\/api.w.org\/{rel}","templated":true}]}}