{"id":864,"date":"2021-04-07T22:03:11","date_gmt":"2021-04-07T22:03:11","guid":{"rendered":"https:\/\/adhesivosyselladoresproin.com.mx\/?page_id=864"},"modified":"2022-02-18T18:23:49","modified_gmt":"2022-02-18T18:23:49","slug":"antiaferrantes-loctite","status":"publish","type":"page","link":"https:\/\/adhesivosyselladoresproin.com.mx\/index.php\/antiaferrantes-loctite\/","title":{"rendered":"Antiaferrantes Loctite"},"content":{"rendered":"\t\t<div data-elementor-type=\"wp-page\" data-elementor-id=\"864\" class=\"elementor elementor-864\" data-elementor-settings=\"[]\">\n\t\t\t\t\t\t<div class=\"elementor-inner\">\n\t\t\t\t\t\t\t<div class=\"elementor-section-wrap\">\n\t\t\t\t\t\t\t<section class=\"elementor-section elementor-top-section elementor-element elementor-element-6846f689 elementor-section-boxed elementor-section-height-default elementor-section-height-default\" data-id=\"6846f689\" data-element_type=\"section\">\n\t\t\t\t\t\t<div class=\"elementor-container elementor-column-gap-default\">\n\t\t\t\t\t\t\t<div class=\"elementor-row\">\n\t\t\t\t\t<div class=\"elementor-column elementor-col-100 elementor-top-column elementor-element elementor-element-70659ff\" data-id=\"70659ff\" data-element_type=\"column\">\n\t\t\t<div class=\"elementor-column-wrap elementor-element-populated\">\n\t\t\t\t\t\t\t<div class=\"elementor-widget-wrap\">\n\t\t\t\t\t\t<div class=\"elementor-element elementor-element-7fe500c6 elementor-button-warning elementor-widget elementor-widget-button\" data-id=\"7fe500c6\" data-element_type=\"widget\" data-widget_type=\"button.default\">\n\t\t\t\t<div class=\"elementor-widget-container\">\n\t\t\t\t\t<div class=\"elementor-button-wrapper\">\n\t\t\t<a href=\"https:\/\/adhesivosyselladoresproin.com.mx\/index.php\/productos\" class=\"elementor-button-link elementor-button elementor-size-md\" role=\"button\">\n\t\t\t\t\t\t<span class=\"elementor-button-content-wrapper\">\n\t\t\t\t\t\t<span class=\"elementor-button-text\">REGRESAR<\/span>\n\t\t<\/span>\n\t\t\t\t\t<\/a>\n\t\t<\/div>\n\t\t\t\t<\/div>\n\t\t\t\t<\/div>\n\t\t\t\t\t\t<\/div>\n\t\t\t\t\t<\/div>\n\t\t<\/div>\n\t\t\t\t\t\t\t\t<\/div>\n\t\t\t\t\t<\/div>\n\t\t<\/section>\n\t\t\t\t<section class=\"elementor-section elementor-top-section elementor-element elementor-element-28ff8ca1 elementor-section-boxed elementor-section-height-default elementor-section-height-default\" data-id=\"28ff8ca1\" data-element_type=\"section\">\n\t\t\t\t\t\t<div class=\"elementor-container elementor-column-gap-default\">\n\t\t\t\t\t\t\t<div class=\"elementor-row\">\n\t\t\t\t\t<div class=\"elementor-column elementor-col-100 elementor-top-column elementor-element elementor-element-55854316\" data-id=\"55854316\" data-element_type=\"column\">\n\t\t\t<div class=\"elementor-column-wrap elementor-element-populated\">\n\t\t\t\t\t\t\t<div class=\"elementor-widget-wrap\">\n\t\t\t\t\t\t<div class=\"elementor-element elementor-element-78619d16 elementor-widget elementor-widget-spacer\" data-id=\"78619d16\" data-element_type=\"widget\" data-widget_type=\"spacer.default\">\n\t\t\t\t<div class=\"elementor-widget-container\">\n\t\t\t\t\t<div class=\"elementor-spacer\">\n\t\t\t<div class=\"elementor-spacer-inner\"><\/div>\n\t\t<\/div>\n\t\t\t\t<\/div>\n\t\t\t\t<\/div>\n\t\t\t\t<div class=\"elementor-element elementor-element-204e709c elementor-widget elementor-widget-heading\" data-id=\"204e709c\" data-element_type=\"widget\" data-widget_type=\"heading.default\">\n\t\t\t\t<div class=\"elementor-widget-container\">\n\t\t\t<h2 class=\"elementor-heading-title elementor-size-default\"><p class=\"MsoNormal\" style=\"margin-bottom: 0cm; line-height: normal; background-image: initial; background-position: initial; background-size: initial; background-repeat: initial; background-attachment: initial; background-origin: initial; background-clip: initial;\"><b><span style=\"font-size:22.5pt;font-family:&quot;Arial&quot;,sans-serif;\nmso-fareast-font-family:&quot;Times New Roman&quot;;color:#D82727;text-transform:uppercase;\nletter-spacing:-.25pt;mso-fareast-language:ES-MX\">LOCTITE<\/span><\/b><b><span style=\"font-size:13.5pt;font-family:&quot;Verdana&quot;,sans-serif;mso-fareast-font-family:\n&quot;Times New Roman&quot;;mso-bidi-font-family:Arial;color:black;text-transform:uppercase;\nmso-fareast-language:ES-MX\">&nbsp;&nbsp;<\/span><\/b><b><span style=\"font-size:\n22.5pt;font-family:&quot;Arial&quot;,sans-serif;mso-fareast-font-family:&quot;Times New Roman&quot;;\ncolor:#D82727;text-transform:uppercase;letter-spacing:-.25pt;mso-fareast-language:\nES-MX\">51007 ANTI-AFERRANTE BASE COBRE <o:p><\/o:p><\/span><\/b><\/p>\n\n<\/h2>\t\t<\/div>\n\t\t\t\t<\/div>\n\t\t\t\t<div class=\"elementor-element elementor-element-1b2504e6 elementor-widget elementor-widget-image\" data-id=\"1b2504e6\" data-element_type=\"widget\" data-widget_type=\"image.default\">\n\t\t\t\t<div class=\"elementor-widget-container\">\n\t\t\t\t\t<div class=\"elementor-image\">\n\t\t\t\t\t\t\t\t\t\t<img width=\"159\" height=\"159\" src=\"https:\/\/adhesivosyselladoresproin.com.mx\/wp-content\/uploads\/2021\/04\/Antiaferrante-base-cobre.jpeg\" class=\"attachment-medium size-medium\" alt=\"\" loading=\"lazy\" srcset=\"https:\/\/adhesivosyselladoresproin.com.mx\/wp-content\/uploads\/2021\/04\/Antiaferrante-base-cobre.jpeg 159w, https:\/\/adhesivosyselladoresproin.com.mx\/wp-content\/uploads\/2021\/04\/Antiaferrante-base-cobre-150x150.jpeg 150w\" sizes=\"(max-width: 159px) 100vw, 159px\" \/>\t\t\t\t\t\t\t\t\t\t\t<\/div>\n\t\t\t\t<\/div>\n\t\t\t\t<\/div>\n\t\t\t\t<div class=\"elementor-element elementor-element-4424bd0e elementor-widget elementor-widget-text-editor\" data-id=\"4424bd0e\" data-element_type=\"widget\" data-widget_type=\"text-editor.default\">\n\t\t\t\t<div class=\"elementor-widget-container\">\n\t\t\t\t\t<div class=\"elementor-text-editor elementor-clearfix\"><ul type=\"disc\"><li class=\"MsoNormal\" style=\"line-height: normal; background-image: initial; background-position: initial; background-size: initial; background-repeat: initial; background-attachment: initial; background-origin: initial; background-clip: initial;\"><span style=\"font-size: 13.5pt; font-family: 'Arial',sans-serif; mso-fareast-font-family: 'Times New Roman'; mso-fareast-language: ES-MX;\">Protege piezas Met\u00e1licas contra la oxidaci\u00f3n, la corrosi\u00f3n, el aferramiento y el desgaste de Metal<\/span><\/li><li class=\"MsoNormal\" style=\"line-height: normal; background-image: initial; background-position: initial; background-size: initial; background-repeat: initial; background-attachment: initial; background-origin: initial; background-clip: initial;\"><span style=\"font-size: 13.5pt; font-family: 'Arial',sans-serif; mso-fareast-font-family: 'Times New Roman'; mso-fareast-language: ES-MX;\">Ideal para Acero Inoxidable y otras conexiones Met\u00e1licas.<\/span><\/li><li class=\"MsoNormal\" style=\"line-height: normal; background-image: initial; background-position: initial; background-size: initial; background-repeat: initial; background-attachment: initial; background-origin: initial; background-clip: initial;\"><span style=\"font-size: 13.5pt; font-family: 'Arial',sans-serif; mso-fareast-font-family: 'Times New Roman'; mso-fareast-language: ES-MX;\">Excelente en torniller\u00eda, cadenas transportadoras, tuber\u00edas en altas temperaturas, etc.<\/span><\/li><li class=\"MsoNormal\" style=\"line-height: normal; background-image: initial; background-position: initial; background-size: initial; background-repeat: initial; background-attachment: initial; background-origin: initial; background-clip: initial;\"><span style=\"font-size: 13.5pt; font-family: 'Arial',sans-serif; mso-fareast-font-family: 'Times New Roman'; mso-fareast-language: ES-MX;\">F\u00f3rmula exclusiva con Cobre y Grafito que forman una grasa de alta calidad<\/span><\/li><li>Previene la corrosi\u00f3n y aferramiento en ambientes qu\u00edmicos y asperos<\/li><\/ul><\/div>\n\t\t\t\t<\/div>\n\t\t\t\t<\/div>\n\t\t\t\t\t\t<\/div>\n\t\t\t\t\t<\/div>\n\t\t<\/div>\n\t\t\t\t\t\t\t\t<\/div>\n\t\t\t\t\t<\/div>\n\t\t<\/section>\n\t\t\t\t<section class=\"elementor-section elementor-top-section elementor-element elementor-element-7521874e elementor-section-boxed elementor-section-height-default elementor-section-height-default\" data-id=\"7521874e\" data-element_type=\"section\">\n\t\t\t\t\t\t<div class=\"elementor-container elementor-column-gap-default\">\n\t\t\t\t\t\t\t<div class=\"elementor-row\">\n\t\t\t\t\t<div class=\"elementor-column elementor-col-100 elementor-top-column elementor-element elementor-element-1b4caf00\" data-id=\"1b4caf00\" data-element_type=\"column\">\n\t\t\t<div class=\"elementor-column-wrap elementor-element-populated\">\n\t\t\t\t\t\t\t<div class=\"elementor-widget-wrap\">\n\t\t\t\t\t\t<div class=\"elementor-element elementor-element-3b76ab6a elementor-widget-divider--view-line elementor-widget elementor-widget-divider\" data-id=\"3b76ab6a\" data-element_type=\"widget\" data-widget_type=\"divider.default\">\n\t\t\t\t<div class=\"elementor-widget-container\">\n\t\t\t\t\t<div class=\"elementor-divider\">\n\t\t\t<span class=\"elementor-divider-separator\">\n\t\t\t\t\t\t<\/span>\n\t\t<\/div>\n\t\t\t\t<\/div>\n\t\t\t\t<\/div>\n\t\t\t\t\t\t<\/div>\n\t\t\t\t\t<\/div>\n\t\t<\/div>\n\t\t\t\t\t\t\t\t<\/div>\n\t\t\t\t\t<\/div>\n\t\t<\/section>\n\t\t\t\t<section class=\"elementor-section elementor-top-section elementor-element elementor-element-4d852a56 elementor-section-boxed elementor-section-height-default elementor-section-height-default\" data-id=\"4d852a56\" data-element_type=\"section\">\n\t\t\t\t\t\t<div class=\"elementor-container elementor-column-gap-default\">\n\t\t\t\t\t\t\t<div class=\"elementor-row\">\n\t\t\t\t\t<div class=\"elementor-column elementor-col-100 elementor-top-column elementor-element elementor-element-4c19989c\" data-id=\"4c19989c\" data-element_type=\"column\">\n\t\t\t<div class=\"elementor-column-wrap elementor-element-populated\">\n\t\t\t\t\t\t\t<div class=\"elementor-widget-wrap\">\n\t\t\t\t\t\t<div class=\"elementor-element elementor-element-448d8c3a elementor-widget elementor-widget-heading\" data-id=\"448d8c3a\" data-element_type=\"widget\" data-widget_type=\"heading.default\">\n\t\t\t\t<div class=\"elementor-widget-container\">\n\t\t\t<h2 class=\"elementor-heading-title elementor-size-default\">LOCTITE LB 771  ANTI-AFERRANTE BASE NIQUEL<\/h2>\t\t<\/div>\n\t\t\t\t<\/div>\n\t\t\t\t<div class=\"elementor-element elementor-element-767abc54 elementor-widget elementor-widget-spacer\" data-id=\"767abc54\" data-element_type=\"widget\" data-widget_type=\"spacer.default\">\n\t\t\t\t<div class=\"elementor-widget-container\">\n\t\t\t\t\t<div class=\"elementor-spacer\">\n\t\t\t<div class=\"elementor-spacer-inner\"><\/div>\n\t\t<\/div>\n\t\t\t\t<\/div>\n\t\t\t\t<\/div>\n\t\t\t\t<div class=\"elementor-element elementor-element-6dd7b337 elementor-widget elementor-widget-image\" data-id=\"6dd7b337\" data-element_type=\"widget\" data-widget_type=\"image.default\">\n\t\t\t\t<div class=\"elementor-widget-container\">\n\t\t\t\t\t<div class=\"elementor-image\">\n\t\t\t\t\t\t\t\t\t\t<img width=\"196\" height=\"196\" src=\"https:\/\/adhesivosyselladoresproin.com.mx\/wp-content\/uploads\/2021\/04\/Antiaferrante-base-niquel.jpeg\" class=\"attachment-large size-large\" alt=\"\" loading=\"lazy\" srcset=\"https:\/\/adhesivosyselladoresproin.com.mx\/wp-content\/uploads\/2021\/04\/Antiaferrante-base-niquel.jpeg 196w, https:\/\/adhesivosyselladoresproin.com.mx\/wp-content\/uploads\/2021\/04\/Antiaferrante-base-niquel-150x150.jpeg 150w\" sizes=\"(max-width: 196px) 100vw, 196px\" \/>\t\t\t\t\t\t\t\t\t\t\t<\/div>\n\t\t\t\t<\/div>\n\t\t\t\t<\/div>\n\t\t\t\t<div class=\"elementor-element elementor-element-7642c143 elementor-widget elementor-widget-text-editor\" data-id=\"7642c143\" data-element_type=\"widget\" data-widget_type=\"text-editor.default\">\n\t\t\t\t<div class=\"elementor-widget-container\">\n\t\t\t\t\t<div class=\"elementor-text-editor elementor-clearfix\"><div>\u00a0<\/div><ul><li>Pasta lubricante antiaferrante a base de n\u00edquel, de alta<\/li><li>Resistente al aferramiento y a la corrosi\u00f3n, reduce el desgaste<\/li><li>Excepcionalmente resistente al ataque de \u00e1cidos, amon\u00edaco, acetileno y mon\u00f3mero de vinilo<\/li><li>Permite un f\u00e1cil desmontaje de las piezas despu\u00e9s de la exposici\u00f3n a ambientes corrosivos o calientes<\/li><li>El contenido de n\u00edquel permanece intacto hasta 1,315 \u00b0 C<\/li><li>Lubrica y sella las roscas de las tuber\u00edas en entornos \u00e1cidos y cubre las juntas en aplicaciones de alta temperatura<\/li><\/ul><\/div>\n\t\t\t\t<\/div>\n\t\t\t\t<\/div>\n\t\t\t\t<div class=\"elementor-element elementor-element-5229b335 elementor-widget-divider--view-line elementor-widget elementor-widget-divider\" data-id=\"5229b335\" data-element_type=\"widget\" data-widget_type=\"divider.default\">\n\t\t\t\t<div class=\"elementor-widget-container\">\n\t\t\t\t\t<div class=\"elementor-divider\">\n\t\t\t<span class=\"elementor-divider-separator\">\n\t\t\t\t\t\t<\/span>\n\t\t<\/div>\n\t\t\t\t<\/div>\n\t\t\t\t<\/div>\n\t\t\t\t\t\t<\/div>\n\t\t\t\t\t<\/div>\n\t\t<\/div>\n\t\t\t\t\t\t\t\t<\/div>\n\t\t\t\t\t<\/div>\n\t\t<\/section>\n\t\t\t\t<section class=\"elementor-section elementor-top-section elementor-element elementor-element-5e44db9e elementor-section-boxed elementor-section-height-default elementor-section-height-default\" data-id=\"5e44db9e\" data-element_type=\"section\">\n\t\t\t\t\t\t<div class=\"elementor-container elementor-column-gap-default\">\n\t\t\t\t\t\t\t<div class=\"elementor-row\">\n\t\t\t\t\t<div class=\"elementor-column elementor-col-100 elementor-top-column elementor-element elementor-element-5d1c1992\" data-id=\"5d1c1992\" data-element_type=\"column\">\n\t\t\t<div class=\"elementor-column-wrap elementor-element-populated\">\n\t\t\t\t\t\t\t<div class=\"elementor-widget-wrap\">\n\t\t\t\t\t\t<div class=\"elementor-element elementor-element-5133d4d5 elementor-widget elementor-widget-heading\" data-id=\"5133d4d5\" data-element_type=\"widget\" data-widget_type=\"heading.default\">\n\t\t\t\t<div class=\"elementor-widget-container\">\n\t\t\t<h2 class=\"elementor-heading-title elementor-size-default\">LOCTITE LB 8150 LUBRICANTE ANTIAFERRANTE GRADO PLATA<\/h2>\t\t<\/div>\n\t\t\t\t<\/div>\n\t\t\t\t<div class=\"elementor-element elementor-element-5ee2874e elementor-widget elementor-widget-image\" data-id=\"5ee2874e\" data-element_type=\"widget\" data-widget_type=\"image.default\">\n\t\t\t\t<div class=\"elementor-widget-container\">\n\t\t\t\t\t<div class=\"elementor-image\">\n\t\t\t\t\t\t\t\t\t\t<img width=\"225\" height=\"225\" src=\"https:\/\/adhesivosyselladoresproin.com.mx\/wp-content\/uploads\/2021\/04\/Antiaferrante-grado-plata.jpeg\" class=\"attachment-large size-large\" alt=\"\" loading=\"lazy\" srcset=\"https:\/\/adhesivosyselladoresproin.com.mx\/wp-content\/uploads\/2021\/04\/Antiaferrante-grado-plata.jpeg 225w, https:\/\/adhesivosyselladoresproin.com.mx\/wp-content\/uploads\/2021\/04\/Antiaferrante-grado-plata-150x150.jpeg 150w\" sizes=\"(max-width: 225px) 100vw, 225px\" \/>\t\t\t\t\t\t\t\t\t\t\t<\/div>\n\t\t\t\t<\/div>\n\t\t\t\t<\/div>\n\t\t\t\t<div class=\"elementor-element elementor-element-1b4f593d elementor-widget elementor-widget-text-editor\" data-id=\"1b4f593d\" data-element_type=\"widget\" data-widget_type=\"text-editor.default\">\n\t\t\t\t<div class=\"elementor-widget-container\">\n\t\t\t\t\t<div class=\"elementor-text-editor elementor-clearfix\"><p><\/p>\n<ul>\n<li>Pasta de montaje antigripante en base aluminio<\/li>\n<li>Reforzada con grafito y aditivos de extrema presi\u00f3n (EP)<\/li>\n<li>Permanece inerte y no se evapora ni endurece al estar sometida a temperaturas extremas<\/li>\n<li>Resistencia t\u00e9rmica hasta +900 \u00b0C<\/li>\n<\/ul><\/div>\n\t\t\t\t<\/div>\n\t\t\t\t<\/div>\n\t\t\t\t\t\t<\/div>\n\t\t\t\t\t<\/div>\n\t\t<\/div>\n\t\t\t\t\t\t\t\t<\/div>\n\t\t\t\t\t<\/div>\n\t\t<\/section>\n\t\t\t\t<section class=\"elementor-section elementor-top-section elementor-element elementor-element-161c2513 elementor-section-boxed elementor-section-height-default elementor-section-height-default\" data-id=\"161c2513\" data-element_type=\"section\">\n\t\t\t\t\t\t<div class=\"elementor-container elementor-column-gap-default\">\n\t\t\t\t\t\t\t<div class=\"elementor-row\">\n\t\t\t\t\t<div class=\"elementor-column elementor-col-100 elementor-top-column elementor-element elementor-element-1a3d7a65\" data-id=\"1a3d7a65\" data-element_type=\"column\">\n\t\t\t<div class=\"elementor-column-wrap elementor-element-populated\">\n\t\t\t\t\t\t\t<div class=\"elementor-widget-wrap\">\n\t\t\t\t\t\t<div class=\"elementor-element elementor-element-41521d82 elementor-widget elementor-widget-heading\" data-id=\"41521d82\" data-element_type=\"widget\" data-widget_type=\"heading.default\">\n\t\t\t\t<div class=\"elementor-widget-container\">\n\t\t\t<h2 class=\"elementor-heading-title elementor-size-default\">ANTIAFERRANTE GRADO PLATA<\/h2>\t\t<\/div>\n\t\t\t\t<\/div>\n\t\t\t\t<div class=\"elementor-element elementor-element-50493dba elementor-widget elementor-widget-spacer\" data-id=\"50493dba\" data-element_type=\"widget\" data-widget_type=\"spacer.default\">\n\t\t\t\t<div class=\"elementor-widget-container\">\n\t\t\t\t\t<div class=\"elementor-spacer\">\n\t\t\t<div class=\"elementor-spacer-inner\"><\/div>\n\t\t<\/div>\n\t\t\t\t<\/div>\n\t\t\t\t<\/div>\n\t\t\t\t<div class=\"elementor-element elementor-element-6bb8124c elementor-widget elementor-widget-image\" data-id=\"6bb8124c\" data-element_type=\"widget\" data-widget_type=\"image.default\">\n\t\t\t\t<div class=\"elementor-widget-container\">\n\t\t\t\t\t<div class=\"elementor-image\">\n\t\t\t\t\t\t\t\t\t\t<img width=\"262\" height=\"390\" src=\"https:\/\/adhesivosyselladoresproin.com.mx\/wp-content\/uploads\/2022\/02\/LOCTITE-76764.png\" class=\"attachment-large size-large\" alt=\"\" loading=\"lazy\" srcset=\"https:\/\/adhesivosyselladoresproin.com.mx\/wp-content\/uploads\/2022\/02\/LOCTITE-76764.png 262w, https:\/\/adhesivosyselladoresproin.com.mx\/wp-content\/uploads\/2022\/02\/LOCTITE-76764-202x300.png 202w\" sizes=\"(max-width: 262px) 100vw, 262px\" \/>\t\t\t\t\t\t\t\t\t\t\t<\/div>\n\t\t\t\t<\/div>\n\t\t\t\t<\/div>\n\t\t\t\t<div class=\"elementor-element elementor-element-29250c7 elementor-widget elementor-widget-text-editor\" data-id=\"29250c7\" data-element_type=\"widget\" data-widget_type=\"text-editor.default\">\n\t\t\t\t<div class=\"elementor-widget-container\">\n\t\t\t\t\t<div class=\"elementor-text-editor elementor-clearfix\"><p>LOCTTITE 76767<\/p><\/div>\n\t\t\t\t<\/div>\n\t\t\t\t<\/div>\n\t\t\t\t<div class=\"elementor-element elementor-element-625c5f5f elementor-widget elementor-widget-text-editor\" data-id=\"625c5f5f\" data-element_type=\"widget\" data-widget_type=\"text-editor.default\">\n\t\t\t\t<div class=\"elementor-widget-container\">\n\t\t\t\t\t<div class=\"elementor-text-editor elementor-clearfix\"><ul><li>\u00a0<\/li><li class=\"MsoNormal\" style=\"line-height: normal; background-image: initial; background-position: initial; background-size: initial; background-repeat: initial; background-attachment: initial; background-origin: initial; background-clip: initial;\">\u00a0<\/li><\/ul><\/div>\n\t\t\t\t<\/div>\n\t\t\t\t<\/div>\n\t\t\t\t<div class=\"elementor-element elementor-element-3de7d62b elementor-widget-divider--view-line elementor-widget elementor-widget-divider\" data-id=\"3de7d62b\" data-element_type=\"widget\" data-widget_type=\"divider.default\">\n\t\t\t\t<div class=\"elementor-widget-container\">\n\t\t\t\t\t<div class=\"elementor-divider\">\n\t\t\t<span class=\"elementor-divider-separator\">\n\t\t\t\t\t\t<\/span>\n\t\t<\/div>\n\t\t\t\t<\/div>\n\t\t\t\t<\/div>\n\t\t\t\t\t\t<\/div>\n\t\t\t\t\t<\/div>\n\t\t<\/div>\n\t\t\t\t\t\t\t\t<\/div>\n\t\t\t\t\t<\/div>\n\t\t<\/section>\n\t\t\t\t\t\t<\/div>\n\t\t\t\t\t\t<\/div>\n\t\t\t\t\t<\/div>\n\t\t","protected":false},"excerpt":{"rendered":"<p>REGRESAR LOCTITE&nbsp;&nbsp;51007 ANTI-AFERRANTE BASE COBRE Protege piezas Met\u00e1licas contra la oxidaci\u00f3n, la corrosi\u00f3n, el aferramiento y el desgaste de Metal&hellip;<\/p>\n","protected":false},"author":1,"featured_media":0,"parent":0,"menu_order":0,"comment_status":"closed","ping_status":"closed","template":"","meta":[],"_links":{"self":[{"href":"https:\/\/adhesivosyselladoresproin.com.mx\/index.php\/wp-json\/wp\/v2\/pages\/864"}],"collection":[{"href":"https:\/\/adhesivosyselladoresproin.com.mx\/index.php\/wp-json\/wp\/v2\/pages"}],"about":[{"href":"https:\/\/adhesivosyselladoresproin.com.mx\/index.php\/wp-json\/wp\/v2\/types\/page"}],"author":[{"embeddable":true,"href":"https:\/\/adhesivosyselladoresproin.com.mx\/index.php\/wp-json\/wp\/v2\/users\/1"}],"replies":[{"embeddable":true,"href":"https:\/\/adhesivosyselladoresproin.com.mx\/index.php\/wp-json\/wp\/v2\/comments?post=864"}],"version-history":[{"count":12,"href":"https:\/\/adhesivosyselladoresproin.com.mx\/index.php\/wp-json\/wp\/v2\/pages\/864\/revisions"}],"predecessor-version":[{"id":1239,"href":"https:\/\/adhesivosyselladoresproin.com.mx\/index.php\/wp-json\/wp\/v2\/pages\/864\/revisions\/1239"}],"wp:attachment":[{"href":"https:\/\/adhesivosyselladoresproin.com.mx\/index.php\/wp-json\/wp\/v2\/media?parent=864"}],"curies":[{"name":"wp","href":"https:\/\/api.w.org\/{rel}","templated":true}]}}