{"id":9,"date":"2020-03-30T19:01:06","date_gmt":"2020-03-30T19:01:06","guid":{"rendered":"https:\/\/adhesivosyselladoresproin.com.mx\/?page_id=9"},"modified":"2021-04-22T18:28:29","modified_gmt":"2021-04-22T18:28:29","slug":"quienes-somos","status":"publish","type":"page","link":"https:\/\/adhesivosyselladoresproin.com.mx\/index.php\/quienes-somos\/","title":{"rendered":"Quienes somos&#8230;"},"content":{"rendered":"\r\n<h3>Misi\u00f3n<\/h3>\r\n\r\n\r\n\r\n<p><strong>\u201cSer un proveedor de soluciones para el mantenimiento Industrial y Automotriz mediante el suministro de\u00a0 productos y servicios con una alta calidad y un alto nivel de servicio, para el logro de sus objetivos buscando siempre la <em>satisfacci\u00f3n de\u00a0 nuestros clientes<\/em><\/strong>\u00a0&#8220;<\/p>\r\n\r\n\r\n<hr class=\"wp-block-separator\" \/>\r\n\r\n\r\n<h2>Soluciones totales para la industria<\/h2>\r\n\r\n\r\n\r\n<h4><strong>Distribuidor Autorizado de LOCTITE, PERMATEX, DEVCON, LPS Y ROCOL<\/strong><\/h4>\r\n\r\n\r\n\r\n<p><strong>Elimine Problemas e Incremente su Productividad<\/strong><\/p>\r\n\r\n\r\n\r\n<p>Con nuestra gran variedad de productos industriales <strong>Loctite, Permatex,<\/strong> <strong>Devcon, LPS y Rocol,<\/strong> usted ser\u00e1 capaz de reducir sus costos a trav\u00e9s de la soluci\u00f3n de los problemas siguientes:<\/p>\r\n\r\n\r\n\r\n<ul>\r\n<li>Aflojamiento de Torniller\u00eda por Vibraci\u00f3n<\/li>\r\n<li>Fugas en Conexiones Roscadas<\/li>\r\n<li>Ensambles con adhesivos<\/li>\r\n<li>Fugas en Bridas y Tapas<\/li>\r\n<li>Abrasi\u00f3n o desgaste<\/li>\r\n<\/ul>\r\n\r\n\r\n\r\n<h4>PRODUCTOS<\/h4>\r\n\r\n\r\n\r\n<ul>\r\n<li>Anaer\u00f3bicos<\/li>\r\n<li>Silicones<\/li>\r\n<li>Lubricantes<\/li>\r\n<li>Plastiacero<\/li>\r\n<li>Ensambles en Partes Cil\u00edndricas de Transmisi\u00f3n de Potencia<\/li>\r\n<li>Adhesivos instant\u00e1neos<\/li>\r\n<\/ul>\r\n\r\n\r\n\r\n<p>&nbsp;<\/p>\r\n","protected":false},"excerpt":{"rendered":"<p>Misi\u00f3n \u201cSer un proveedor de soluciones para el mantenimiento Industrial y Automotriz mediante el suministro de\u00a0 productos y servicios con&hellip;<\/p>\n","protected":false},"author":1,"featured_media":0,"parent":0,"menu_order":0,"comment_status":"closed","ping_status":"closed","template":"","meta":[],"_links":{"self":[{"href":"https:\/\/adhesivosyselladoresproin.com.mx\/index.php\/wp-json\/wp\/v2\/pages\/9"}],"collection":[{"href":"https:\/\/adhesivosyselladoresproin.com.mx\/index.php\/wp-json\/wp\/v2\/pages"}],"about":[{"href":"https:\/\/adhesivosyselladoresproin.com.mx\/index.php\/wp-json\/wp\/v2\/types\/page"}],"author":[{"embeddable":true,"href":"https:\/\/adhesivosyselladoresproin.com.mx\/index.php\/wp-json\/wp\/v2\/users\/1"}],"replies":[{"embeddable":true,"href":"https:\/\/adhesivosyselladoresproin.com.mx\/index.php\/wp-json\/wp\/v2\/comments?post=9"}],"version-history":[{"count":13,"href":"https:\/\/adhesivosyselladoresproin.com.mx\/index.php\/wp-json\/wp\/v2\/pages\/9\/revisions"}],"predecessor-version":[{"id":1220,"href":"https:\/\/adhesivosyselladoresproin.com.mx\/index.php\/wp-json\/wp\/v2\/pages\/9\/revisions\/1220"}],"wp:attachment":[{"href":"https:\/\/adhesivosyselladoresproin.com.mx\/index.php\/wp-json\/wp\/v2\/media?parent=9"}],"curies":[{"name":"wp","href":"https:\/\/api.w.org\/{rel}","templated":true}]}}